{"id":104,"date":"2013-04-04T13:49:18","date_gmt":"2013-04-04T13:49:18","guid":{"rendered":"http:\/\/gestion.udelar.edu.uy\/planeamientodesarrollo2019\/?page_id=104"},"modified":"2023-07-06T14:56:24","modified_gmt":"2023-07-06T17:56:24","slug":"divisiones","status":"publish","type":"page","link":"https:\/\/planeamiento.udelar.edu.uy\/portal\/institucional\/divisiones\/","title":{"rendered":"\u00c1reas"},"content":{"rendered":"<p><strong><span style=\"font-size: 14pt;\">Programaci\u00f3n y Presupuesto<\/span><\/strong><a title=\"Programaci\u00f3n y Presupuesto\" href=\"http:\/\/planeamiento.udelar.edu.uy\/?page_id=1884\"><br \/>\n<\/a><\/p>\n<p>Elaborar y administrar t\u00e9cnicamente el presupuesto universitario a nivel global y por servicios (Facultades, Institutos, Escuelas, Hospital de Cl\u00ednicas, Comisiones y otros espacios universitarios), distribuido por Programa, Grupo y Objeto del Gasto, Fuente de Financiamiento y Tipo de Cr\u00e9dito.<br \/>\nAsesorar al cogobierno universitario en el \u00e1mbito de su competencia y en particular a la Comisi\u00f3n Program\u00e1tica Presupuestal en el marco del presupuesto quinquenal y rendiciones de cuenta.<\/p>\n<p><strong><span style=\"font-size: 14pt;\">Estad\u00edstica<\/span><\/strong><\/p>\n<p>Generar y brindar informaci\u00f3n estad\u00edstica a los diferentes actores universitarios y a la sociedad sobre la realidad universitaria, as\u00ed como coordinar con otros organismos nacionales e internacionales la medici\u00f3n de las estad\u00edsticas de educaci\u00f3n universitaria.\u00a0Algunos de sus principales cometidos son:<\/p>\n<ul>\n<li>Elaborar informaci\u00f3n estad\u00edstica sociodemogr\u00e1fica y socioeductiva de la realidad universitaria.<\/li>\n<li>Fomentar la investigaci\u00f3n estad\u00edstica, desarrollando los conocimientos en el campo de la estad\u00edstica y de la educaci\u00f3n universitaria.<\/li>\n<li>Difundir la informaci\u00f3n elaborada.<\/li>\n<\/ul>\n<p><strong><span style=\"font-size: 14pt;\">Informaci\u00f3n Institucional<\/span><\/strong><\/p>\n<p>Relevar, dise\u00f1ar, compaginar y procesar informaci\u00f3n \u00fatil y pertinente con el objetivo de mostrar el accionar y la realidad de la Universidad a la sociedad. Dicha informaci\u00f3n proveniente de diferentes colectivos universitarios se ordena y procesa cuantitativa y cualitativamente a efectos de construir series y mostrar datos referidos a las funciones sustantivas como docencia, investigaci\u00f3n, extensi\u00f3n y todos aquellos programas y proyectos que integran el quehacer universitario.<br \/>\nAlgunos de sus cometidos son:<\/p>\n<ul>\n<li>Publicaci\u00f3n anual de Estad\u00edsticas B\u00e1sicas de la Udelar.<\/li>\n<li>Construcci\u00f3n, desarrollo y administraci\u00f3n del sitio web de Planeamiento.<\/li>\n<\/ul>\n<p><strong><span style=\"font-size: 14pt;\">Planificaci\u00f3n y Proyectos Especiales<\/span><\/strong><\/p>\n<p>Promover el an\u00e1lisis multidisciplinario para la formulaci\u00f3n, ejecuci\u00f3n y evaluaci\u00f3n de proyectos en \u00e1reas vinculadas con la tem\u00e1tica presupuestal y conexas.<br \/>\nCoordinar estudios y proyectos de investigaci\u00f3n que contribuyan al desarrollo de pol\u00edticas universitarias.<\/p>\n<ul>\n<li>Elaborar indicadores y modelos para la distribuci\u00f3n de partidas presupuestales.<\/li>\n<li>Realizar investigaciones sobre temas del \u00e1mbito universitario, costo por estudiante, costo por egresado, entre otros.<\/li>\n<li>Actualizar insumos de informaci\u00f3n para Rendici\u00f3n de Cuentas.<\/li>\n<\/ul>\n","protected":false},"excerpt":{"rendered":"<p>Programaci\u00f3n y Presupuesto Elaborar y administrar t\u00e9cnicamente el presupuesto universitario a nivel global y por servicios (Facultades, Institutos, Escuelas, Hospital de Cl\u00ednicas, Comisiones y otros espacios universitarios), distribuido por Programa, &hellip;<\/p>\n","protected":false},"author":1,"featured_media":0,"parent":11,"menu_order":1,"comment_status":"closed","ping_status":"open","template":"","meta":{"footnotes":""},"class_list":["post-104","page","type-page","status-publish","hentry"],"jetpack_sharing_enabled":true,"_links":{"self":[{"href":"https:\/\/planeamiento.udelar.edu.uy\/portal\/wp-json\/wp\/v2\/pages\/104","targetHints":{"allow":["GET"]}}],"collection":[{"href":"https:\/\/planeamiento.udelar.edu.uy\/portal\/wp-json\/wp\/v2\/pages"}],"about":[{"href":"https:\/\/planeamiento.udelar.edu.uy\/portal\/wp-json\/wp\/v2\/types\/page"}],"author":[{"embeddable":true,"href":"https:\/\/planeamiento.udelar.edu.uy\/portal\/wp-json\/wp\/v2\/users\/1"}],"replies":[{"embeddable":true,"href":"https:\/\/planeamiento.udelar.edu.uy\/portal\/wp-json\/wp\/v2\/comments?post=104"}],"version-history":[{"count":10,"href":"https:\/\/planeamiento.udelar.edu.uy\/portal\/wp-json\/wp\/v2\/pages\/104\/revisions"}],"predecessor-version":[{"id":19964,"href":"https:\/\/planeamiento.udelar.edu.uy\/portal\/wp-json\/wp\/v2\/pages\/104\/revisions\/19964"}],"up":[{"embeddable":true,"href":"https:\/\/planeamiento.udelar.edu.uy\/portal\/wp-json\/wp\/v2\/pages\/11"}],"wp:attachment":[{"href":"https:\/\/planeamiento.udelar.edu.uy\/portal\/wp-json\/wp\/v2\/media?parent=104"}],"curies":[{"name":"wp","href":"https:\/\/api.w.org\/{rel}","templated":true}]}}