{"id":11066,"date":"2019-05-24T13:05:07","date_gmt":"2019-05-24T16:05:07","guid":{"rendered":"http:\/\/gestion.udelar.edu.uy\/planeamiento\/?page_id=11066"},"modified":"2019-06-03T14:58:22","modified_gmt":"2019-06-03T17:58:22","slug":"infografia-de-egresos-2016","status":"publish","type":"page","link":"https:\/\/planeamiento.udelar.edu.uy\/portal\/egresados\/egresados-de-grado\/infografia-de-egresos-2016\/","title":{"rendered":"Infograf\u00eda de Egresos 2016"},"content":{"rendered":"<div class=\"osc-res-tab tabbable   osc-tabs-center\"><div style=\"clear:both;width: 100%;\"><ul class=\"nav osc-res-nav nav-tabs osc-tabs-center-ul\" id=\"oscitas-restabs-1-infografia-de-egresos-2016-69487\"><li class=\"active\"><a href=\"#ert_pane1-0\" data-toggle=\"tab\">Informaci\u00f3n<\/a><\/li><li class=\"\"><a href=\"#ert_pane1-1\" data-toggle=\"tab\">General Udelar<\/a><\/li><li class=\"\"><a href=\"#ert_pane1-2\" data-toggle=\"tab\">Hombres<\/a><\/li><li class=\"\"><a href=\"#ert_pane1-3\" data-toggle=\"tab\">Mujeres<\/a><\/li><li class=\"\"><a href=\"#ert_pane1-4\" data-toggle=\"tab\">Tecnolog\u00eda y Ciencias de la Naturaleza y el H\u00e1bitat<\/a><\/li><li class=\"\"><a href=\"#ert_pane1-5\" data-toggle=\"tab\">Social y Art\u00edstica<\/a><\/li><li class=\"\"><a href=\"#ert_pane1-6\" data-toggle=\"tab\">Salud<\/a><\/li><\/ul><\/div><div style=\"clear:both;width: 100%;\"><ul class=\"tab-content\" id=\"oscitas-restabcontent-1-infografia-de-egresos-2016-69487\"><li class=\"tab-pane active\" id=\"ert_pane1-0\"><\/p>\n<p>\u00bfCu\u00e1les son las carreras de la Universidad de la Rep\u00fablica que acumularon la mayor cantidad de egresos en 2016? \u00bfSon las mismas para hombres y mujeres? \u00bfC\u00f3mo se ordenan dentro de cada \u00e1rea acad\u00e9mica?<\/p>\n<p>Los gr\u00e1ficos entre los que se puede navegar en esta secci\u00f3n permiten observar de qu\u00e9 manera se ordenan las carreras de grado de la Udelar en base a los egresos que se registraron en 2016, que acumulan un total de 6.850 para toda la universidad.<\/p>\n<p>El gr\u00e1fico total permite observar que Contador P\u00fablico es la carrera de donde m\u00e1s egresaron estudiantes, con 850 egresos, de los cuales el 64% fueron mujeres. En segundo lugar est\u00e1 la carrera de Doctor Medicina con 694 egresos de estudiantes y una proporci\u00f3n de mujeres del 71%. La Licenciatura en Psicolog\u00eda se posiciona en tercer lugar con 595 egresos de los cuales el 82 % fueron mujeres. En el cuarto lugar aparece la carrera de Doctor en Derecho con 388 egresos y en quinto lugar la carrera de Escribano P\u00fablico con 335 egresados.<\/p>\n<p>Uno de cada dos egresos en 2016 fue a alguna de esas cinco opciones, los dem\u00e1s se repartieron entre las cerca de 120 carreras restantes que forman parte de la oferta educativa de grado de la universidad.<\/p>\n<p>Si el ordenamiento se realiza seg\u00fan \u00e1rea<sup>1<\/sup> ( Tecnolog\u00eda y Ciencias de la Naturaleza y el H\u00e1bitat \u2013 Social y Art\u00edstica \u2013 Salud) se observa que la carrera con mayores egresos en Tecnolog\u00eda y Ciencias de la Naturaleza y el H\u00e1bitat (que es el \u00e1rea con menos frecuencia de las tres) es la carrera de Arquitecto con un total de 331 egresos (dentro de los cuales un 61% son mujeres). La sigue la carrera de Doctor en Ciencias Veterinarias (167 egresos) y la carrera de Ingeniero en Computaci\u00f3n (149 egresos).<\/p>\n<p>En el \u00e1rea Social y Art\u00edstica (la que se lleva la mayor cantidad de egresos de las tres \u00e1reas) es la carrera de Contador P\u00fablico la que tuvo m\u00e1s egresados, 850 en 2016 (dentro de los cuales el 64% fueron mujeres). Las siguientes son la carrera de Doctor en Derecho con 388 egresos y la carrera de Escribano P\u00fablico con 335 egresos.<\/p>\n<p>En el \u00e1rea Salud se encuentra en primer lugar la carrera de Doctor en Medicina con 694 egresados (dentro de los cuales un 71 % son mujeres), en segundo lugar est\u00e1 la Licenciatura en Psicolog\u00eda con 595 egresos y en tercer lugar la Licenciatura en Enfermer\u00eda con 224 egresados.<\/p>\n<p>Las mujeres representan el 67% del total de los egresos 2016. Las cinco carreras con mayor cantidad de egresos de mujeres son: Contador P\u00fablico, Doctor en Medicina, Licenciatura en Psicolog\u00eda, Escribano P\u00fablico y Doctor en Derecho. En el caso de los hombre que representan el 33% de los egresos en 2016 las cinco carreras donde m\u00e1s egresan son: Contador P\u00fablico, Doctor en Medicina, Doctor en Derecho, Arquitecto e Ingeniero en Computaci\u00f3n<\/p>\n<p>&nbsp;<\/p>\n<p><span style=\"color: #808080;\"><sup>1<\/sup><span style=\"line-height: inherit;\"> Para esta segmentaci\u00f3n no se consideran las carreras compartidas entre \u00e1reas.<\/span><\/span><\/p>\n<p><\/li><li class=\"tab-pane \" id=\"ert_pane1-1\"><\/p>\n<p><strong><span style=\"font-size: 14pt;\">Egresos totales de grado 2016 por t\u00edtulo &#8211; General Udelar<\/span><\/strong><br \/>\n<strong><span style=\"font-size: 14pt;\">TOTAL: 6.850<\/span><\/strong><\/p>\n<p><div class=\"visualizer-front-container\" id=\"chart_wrapper_visualizer-11061-1381866524\"><style type=\"text\/css\" name=\"visualizer-custom-css\" id=\"customcss-visualizer-11061\">.locker,.locker-loader{position:absolute;top:0;left:0;width:100%;height:100%}.locker{z-index:1000;opacity:.8;background-color:#fff;-ms-filter:\"progid:DXImageTransform.Microsoft.Alpha(Opacity=80)\";filter:alpha(opacity=80)}.locker-loader{z-index:1001;background:url(https:\/\/planeamiento.udelar.edu.uy\/portal\/wp-content\/plugins\/visualizer\/images\/ajax-loader.gif) no-repeat center center}.dt-button{display:none!important}.visualizer-front-container.visualizer-lazy-render{content-visibility: auto;}.google-visualization-controls-categoryfilter label.google-visualization-controls-label {vertical-align: middle;}.google-visualization-controls-categoryfilter li.goog-inline-block {margin: 0 0.2em;}.google-visualization-controls-categoryfilter li {padding: 0 0.2em;}.visualizer-front-container .dataTables_scrollHeadInner{margin: 0 auto;}<\/style><div id=\"visualizer-11061-1381866524\" class=\"visualizer-front  visualizer-front-11061\"><\/div><!-- Not showing structured data for chart 11061 because title is empty --><\/div><\/p>\n<p><\/li><li class=\"tab-pane \" id=\"ert_pane1-2\"><\/p>\n<p><strong><span style=\"font-size: 14pt;\">Egresos totales de grado 2016 por t\u00edtulo &#8211; Hombres<\/span><\/strong><br \/>\n<strong><span style=\"font-size: 14pt;\">TOTAL: 2.254<\/span><\/strong><\/p>\n<p><div class=\"visualizer-front-container\" id=\"chart_wrapper_visualizer-11068-240518088\"><style type=\"text\/css\" name=\"visualizer-custom-css\" id=\"customcss-visualizer-11068\">.locker,.locker-loader{position:absolute;top:0;left:0;width:100%;height:100%}.locker{z-index:1000;opacity:.8;background-color:#fff;-ms-filter:\"progid:DXImageTransform.Microsoft.Alpha(Opacity=80)\";filter:alpha(opacity=80)}.locker-loader{z-index:1001;background:url(https:\/\/planeamiento.udelar.edu.uy\/portal\/wp-content\/plugins\/visualizer\/images\/ajax-loader.gif) no-repeat center center}.dt-button{display:none!important}.visualizer-front-container.visualizer-lazy-render{content-visibility: auto;}.google-visualization-controls-categoryfilter label.google-visualization-controls-label {vertical-align: middle;}.google-visualization-controls-categoryfilter li.goog-inline-block {margin: 0 0.2em;}.google-visualization-controls-categoryfilter li {padding: 0 0.2em;}.visualizer-front-container .dataTables_scrollHeadInner{margin: 0 auto;}<\/style><div id=\"visualizer-11068-240518088\" class=\"visualizer-front  visualizer-front-11068\"><\/div><!-- Not showing structured data for chart 11068 because title is empty --><\/div><\/p>\n<p><\/li><li class=\"tab-pane \" id=\"ert_pane1-3\"><\/p>\n<p><strong><span style=\"font-size: 14pt;\">Egresos totales de grado 2016 por t\u00edtulo &#8211; Mujeres<\/span><\/strong><br \/>\n<strong><span style=\"font-size: 14pt;\">TOTAL: 4.596<\/span><\/strong><\/p>\n<p><div class=\"visualizer-front-container\" id=\"chart_wrapper_visualizer-11076-336158386\"><style type=\"text\/css\" name=\"visualizer-custom-css\" id=\"customcss-visualizer-11076\">.locker,.locker-loader{position:absolute;top:0;left:0;width:100%;height:100%}.locker{z-index:1000;opacity:.8;background-color:#fff;-ms-filter:\"progid:DXImageTransform.Microsoft.Alpha(Opacity=80)\";filter:alpha(opacity=80)}.locker-loader{z-index:1001;background:url(https:\/\/planeamiento.udelar.edu.uy\/portal\/wp-content\/plugins\/visualizer\/images\/ajax-loader.gif) no-repeat center center}.dt-button{display:none!important}.visualizer-front-container.visualizer-lazy-render{content-visibility: auto;}.google-visualization-controls-categoryfilter label.google-visualization-controls-label {vertical-align: middle;}.google-visualization-controls-categoryfilter li.goog-inline-block {margin: 0 0.2em;}.google-visualization-controls-categoryfilter li {padding: 0 0.2em;}.visualizer-front-container .dataTables_scrollHeadInner{margin: 0 auto;}<\/style><div id=\"visualizer-11076-336158386\" class=\"visualizer-front  visualizer-front-11076\"><\/div><!-- Not showing structured data for chart 11076 because title is empty --><\/div><\/p>\n<p><\/li><li class=\"tab-pane \" id=\"ert_pane1-4\"><\/p>\n<p><strong><span style=\"font-size: 14pt;\">Egresos totales de grado 2016 por t\u00edtulo &#8211; \u00c1rea Tecnolog\u00eda y Ciencias de la Naturaleza y el H\u00e1bitat<\/span><\/strong><br \/>\n<strong><span style=\"font-size: 14pt;\">TOTAL 1.316<\/span><\/strong><\/p>\n<p><div class=\"visualizer-front-container\" id=\"chart_wrapper_visualizer-11082-1226176000\"><style type=\"text\/css\" name=\"visualizer-custom-css\" id=\"customcss-visualizer-11082\">.locker,.locker-loader{position:absolute;top:0;left:0;width:100%;height:100%}.locker{z-index:1000;opacity:.8;background-color:#fff;-ms-filter:\"progid:DXImageTransform.Microsoft.Alpha(Opacity=80)\";filter:alpha(opacity=80)}.locker-loader{z-index:1001;background:url(https:\/\/planeamiento.udelar.edu.uy\/portal\/wp-content\/plugins\/visualizer\/images\/ajax-loader.gif) no-repeat center center}.dt-button{display:none!important}.visualizer-front-container.visualizer-lazy-render{content-visibility: auto;}.google-visualization-controls-categoryfilter label.google-visualization-controls-label {vertical-align: middle;}.google-visualization-controls-categoryfilter li.goog-inline-block {margin: 0 0.2em;}.google-visualization-controls-categoryfilter li {padding: 0 0.2em;}.visualizer-front-container .dataTables_scrollHeadInner{margin: 0 auto;}<\/style><div id=\"visualizer-11082-1226176000\" class=\"visualizer-front  visualizer-front-11082\"><\/div><!-- Not showing structured data for chart 11082 because title is empty --><\/div><\/p>\n<p><\/li><li class=\"tab-pane \" id=\"ert_pane1-5\"><\/p>\n<p><strong><span style=\"font-size: 14pt;\">Egresos totales de grado 2016 por t\u00edtulo &#8211; \u00c1rea Social y Art\u00edstica<\/span><\/strong><br \/>\n<strong><span style=\"font-size: 14pt;\">TOTAL: 2.862<\/span><\/strong><\/p>\n<p><div class=\"visualizer-front-container\" id=\"chart_wrapper_visualizer-11084-659487078\"><style type=\"text\/css\" name=\"visualizer-custom-css\" id=\"customcss-visualizer-11084\">.locker,.locker-loader{position:absolute;top:0;left:0;width:100%;height:100%}.locker{z-index:1000;opacity:.8;background-color:#fff;-ms-filter:\"progid:DXImageTransform.Microsoft.Alpha(Opacity=80)\";filter:alpha(opacity=80)}.locker-loader{z-index:1001;background:url(https:\/\/planeamiento.udelar.edu.uy\/portal\/wp-content\/plugins\/visualizer\/images\/ajax-loader.gif) no-repeat center center}.dt-button{display:none!important}.visualizer-front-container.visualizer-lazy-render{content-visibility: auto;}.google-visualization-controls-categoryfilter label.google-visualization-controls-label {vertical-align: middle;}.google-visualization-controls-categoryfilter li.goog-inline-block {margin: 0 0.2em;}.google-visualization-controls-categoryfilter li {padding: 0 0.2em;}.visualizer-front-container .dataTables_scrollHeadInner{margin: 0 auto;}<\/style><div id=\"visualizer-11084-659487078\" class=\"visualizer-front  visualizer-front-11084\"><\/div><!-- Not showing structured data for chart 11084 because title is empty --><\/div><\/p>\n<p><\/li><li class=\"tab-pane \" id=\"ert_pane1-6\"><\/p>\n<p><strong><span style=\"font-size: 14pt;\">Egresos totales de grado 2016 por t\u00edtulo &#8211; \u00c1rea Salud<\/span><\/strong><br \/>\n<strong><span style=\"font-size: 14pt;\">TOTAL: 2.566<\/span><\/strong><\/p>\n<p><div class=\"visualizer-front-container\" id=\"chart_wrapper_visualizer-11088-1807892136\"><style type=\"text\/css\" name=\"visualizer-custom-css\" id=\"customcss-visualizer-11088\">.locker,.locker-loader{position:absolute;top:0;left:0;width:100%;height:100%}.locker{z-index:1000;opacity:.8;background-color:#fff;-ms-filter:\"progid:DXImageTransform.Microsoft.Alpha(Opacity=80)\";filter:alpha(opacity=80)}.locker-loader{z-index:1001;background:url(https:\/\/planeamiento.udelar.edu.uy\/portal\/wp-content\/plugins\/visualizer\/images\/ajax-loader.gif) no-repeat center center}.dt-button{display:none!important}.visualizer-front-container.visualizer-lazy-render{content-visibility: auto;}.google-visualization-controls-categoryfilter label.google-visualization-controls-label {vertical-align: middle;}.google-visualization-controls-categoryfilter li.goog-inline-block {margin: 0 0.2em;}.google-visualization-controls-categoryfilter li {padding: 0 0.2em;}.visualizer-front-container .dataTables_scrollHeadInner{margin: 0 auto;}<\/style><div id=\"visualizer-11088-1807892136\" class=\"visualizer-front  visualizer-front-11088\"><\/div><!-- Not showing structured data for chart 11088 because title is empty --><\/div><\/p>\n<p><\/li><\/ul><\/div><\/div>\n","protected":false},"excerpt":{"rendered":"","protected":false},"author":43,"featured_media":0,"parent":49,"menu_order":0,"comment_status":"closed","ping_status":"closed","template":"","meta":{"footnotes":""},"class_list":["post-11066","page","type-page","status-publish","hentry"],"jetpack_sharing_enabled":true,"_links":{"self":[{"href":"https:\/\/planeamiento.udelar.edu.uy\/portal\/wp-json\/wp\/v2\/pages\/11066","targetHints":{"allow":["GET"]}}],"collection":[{"href":"https:\/\/planeamiento.udelar.edu.uy\/portal\/wp-json\/wp\/v2\/pages"}],"about":[{"href":"https:\/\/planeamiento.udelar.edu.uy\/portal\/wp-json\/wp\/v2\/types\/page"}],"author":[{"embeddable":true,"href":"https:\/\/planeamiento.udelar.edu.uy\/portal\/wp-json\/wp\/v2\/users\/43"}],"replies":[{"embeddable":true,"href":"https:\/\/planeamiento.udelar.edu.uy\/portal\/wp-json\/wp\/v2\/comments?post=11066"}],"version-history":[{"count":9,"href":"https:\/\/planeamiento.udelar.edu.uy\/portal\/wp-json\/wp\/v2\/pages\/11066\/revisions"}],"predecessor-version":[{"id":20404,"href":"https:\/\/planeamiento.udelar.edu.uy\/portal\/wp-json\/wp\/v2\/pages\/11066\/revisions\/20404"}],"up":[{"embeddable":true,"href":"https:\/\/planeamiento.udelar.edu.uy\/portal\/wp-json\/wp\/v2\/pages\/49"}],"wp:attachment":[{"href":"https:\/\/planeamiento.udelar.edu.uy\/portal\/wp-json\/wp\/v2\/media?parent=11066"}],"curies":[{"name":"wp","href":"https:\/\/api.w.org\/{rel}","templated":true}]}}