{"id":12230,"date":"2019-12-10T11:52:10","date_gmt":"2019-12-10T14:52:10","guid":{"rendered":"http:\/\/gestion.udelar.edu.uy\/planeamiento\/?page_id=12230"},"modified":"2019-12-11T10:48:23","modified_gmt":"2019-12-11T13:48:23","slug":"infografia-de-egreso-2017","status":"publish","type":"page","link":"https:\/\/planeamiento.udelar.edu.uy\/portal\/egresados\/egresados-de-grado\/infografia-de-egreso-2017\/","title":{"rendered":"Infograf\u00eda de Egreso 2017"},"content":{"rendered":"\n<div class=\"osc-res-tab tabbable   osc-tabs-center\"><div style=\"clear:both;width: 100%;\"><ul class=\"nav osc-res-nav nav-tabs osc-tabs-center-ul\" id=\"oscitas-restabs-1-infografia-de-egreso-2017-14816\"><li class=\"active\"><a href=\"#ert_pane1-0\" data-toggle=\"tab\">Informaci\u00f3n<\/a><\/li><li class=\"\"><a href=\"#ert_pane1-1\" data-toggle=\"tab\">General Udelar<\/a><\/li><li class=\"\"><a href=\"#ert_pane1-2\" data-toggle=\"tab\">Varones<\/a><\/li><li class=\"\"><a href=\"#ert_pane1-3\" data-toggle=\"tab\">Mujeres<\/a><\/li><li class=\"\"><a href=\"#ert_pane1-4\" data-toggle=\"tab\">Tecnolog\u00eda y Ciencias de la Naturaleza y el H\u00e1bitat<\/a><\/li><li class=\"\"><a href=\"#ert_pane1-5\" data-toggle=\"tab\">Social y Art\u00edstica<\/a><\/li><li class=\"\"><a href=\"#ert_pane1-6\" data-toggle=\"tab\">Salud<\/a><\/li><\/ul><\/div><div style=\"clear:both;width: 100%;\"><ul class=\"tab-content\" id=\"oscitas-restabcontent-1-infografia-de-egreso-2017-14816\"><li class=\"tab-pane active\" id=\"ert_pane1-0\"><\/p>\n<p>\u00bfCu\u00e1les son las carreras de la Universidad de la Rep\u00fablica que acumularon la mayor cantidad de egresos en 2017? \u00bfSon las mismas para hombres y mujeres? \u00bfC\u00f3mo se ordenan dentro de cada \u00e1rea acad\u00e9mica?<\/p>\n<p>Los gr\u00e1ficos entre los que se puede navegar en esta secci\u00f3n permiten observar de qu\u00e9 manera se ordenan las carreras de grado de la Udelar en base a los egresos que se registraron en 2017, que acumulan un total de <strong>6.499<\/strong> para toda la universidad.<\/p>\n<p>El gr\u00e1fico total permite observar que <strong>Contador P\u00fablico<\/strong> es la carrera de donde m\u00e1s egresaron estudiantes, con 844 egresos, de los cuales el 61% fueron mujeres. En segundo lugar est\u00e1 la carrera de<strong> Licenciado en Psicolog\u00eda<\/strong> con 575 egresos de estudiantes y una proporci\u00f3n de mujeres del 85%. <strong>Arquitecto<\/strong> se posiciona en tercer lugar con 550 egresos de los cuales el 57 % fueron mujeres. En el cuarto lugar aparece la carrera de <strong>Doctor en Medicina<\/strong> con 399 egresos y en quinto lugar la carrera de <strong>Doctor en Derecho<\/strong> con 387 egresados.<\/p>\n<p>El 42% de los egresos en 2017 fue a alguna de esas cinco carreras, los dem\u00e1s se repartieron entre las cerca de 120 carreras restantes que forman parte de la oferta educativa de grado de la universidad. <br>Si el ordenamiento se realiza seg\u00fan \u00e1rea<sup>1<\/sup> (Tecnolog\u00eda y Ciencias de la Naturaleza y el H\u00e1bitat \u2013 Social y Art\u00edstica \u2013 Salud) se observa que la carrera con mayores egresos en Tecnolog\u00eda y Ciencias de la Naturaleza y el H\u00e1bitat (que es el \u00e1rea con menos frecuencia de las tres) es la carrera de <strong>Arquitecto<\/strong> con un total de 550 egresos (dentro de los cuales un 57% son mujeres). Le sigue la carrera de<strong> Doctor en Ciencias Veterinarias<\/strong> y la carrera de <strong>Ingeniero Agr\u00f3nomo<\/strong> (ambas con 158 egresos).<\/p>\n<p>En el \u00e1rea Social y Art\u00edstica (la que se lleva la mayor cantidad de egresos de las tres \u00e1reas) es la carrera de<strong> Contador P\u00fablico<\/strong> la que tuvo m\u00e1s egresados, 844 en 2017 (dentro de los cuales el 61% fueron mujeres). Las siguientes son la carrera de <strong>Doctor en Derecho<\/strong> con 387 egresos y la carrera de Escribano P\u00fablico con 293 egresos.<\/p>\n<p>En el \u00e1rea Salud se encuentra en primer lugar la carrera de <strong>Licenciado en Psicolog\u00eda<\/strong> con 575 egresados (dentro de los cuales un 85% son mujeres), en segundo lugar est\u00e1 <strong>Doctor en Medicina<\/strong> con 399 egresos y en tercer lugar la <strong>Licenciatura en Enfermer\u00eda<\/strong> con 244 egresados.<\/p>\n<p>Las mujeres representan el 67% del total de los egresos 2017. Las cinco carreras con mayor cantidad de egresos de mujeres son: Contador P\u00fablico (513 egresos), Licenciatura en Psicolog\u00eda (490 egresos), Arquitecto (316 egresos), Doctor en Derecho (291) y Doctor en Medicina (289). En el caso de los hombre que representan el 33% de los egresos en 2017 las cinco carreras donde m\u00e1s egresan son: Contador P\u00fablico (331 egresos), Arquitecto (234), Doctor en Medicina, Ingeniero en Comuputaci\u00f3n (ambos con 110 egresos) e Ingeniero Agr\u00f3nomo (107).<\/p>\n<p>&nbsp;<\/p>\n<p><span style=\"color: #808080;\"><sup>1<\/sup><span style=\"line-height: inherit;\"> Para esta segmentaci\u00f3n no se consideran las carreras compartidas entre \u00e1reas.<\/span><\/span><\/p>\n<p><\/li><li class=\"tab-pane \" id=\"ert_pane1-1\"><\/p>\n<p><strong><span style=\"font-size: 14pt;\">Egresos totales de grado 2017 por t\u00edtulo &#8211; General Udelar<\/span><\/strong><br><strong><span style=\"font-size: 14pt;\">TOTAL: 6.499<\/span><\/strong><\/p>\n<p><div class=\"visualizer-front-container\" id=\"chart_wrapper_visualizer-12236-839409384\"><style type=\"text\/css\" name=\"visualizer-custom-css\" id=\"customcss-visualizer-12236\">.locker,.locker-loader{position:absolute;top:0;left:0;width:100%;height:100%}.locker{z-index:1000;opacity:.8;background-color:#fff;-ms-filter:\"progid:DXImageTransform.Microsoft.Alpha(Opacity=80)\";filter:alpha(opacity=80)}.locker-loader{z-index:1001;background:url(https:\/\/planeamiento.udelar.edu.uy\/portal\/wp-content\/plugins\/visualizer\/images\/ajax-loader.gif) no-repeat center center}.dt-button{display:none!important}.visualizer-front-container.visualizer-lazy-render{content-visibility: auto;}.google-visualization-controls-categoryfilter label.google-visualization-controls-label {vertical-align: middle;}.google-visualization-controls-categoryfilter li.goog-inline-block {margin: 0 0.2em;}.google-visualization-controls-categoryfilter li {padding: 0 0.2em;}.visualizer-front-container .dataTables_scrollHeadInner{margin: 0 auto;}<\/style><div id=\"visualizer-12236-839409384\" class=\"visualizer-front  visualizer-front-12236\"><\/div><!-- Not showing structured data for chart 12236 because title is empty --><\/div><\/p>\n<p><\/li><li class=\"tab-pane \" id=\"ert_pane1-2\"><\/p>\n<p><strong><span style=\"font-size: 14pt;\">Egresos totales de grado 2017 por t\u00edtulo &#8211; Varones<\/span><\/strong><br><strong><span style=\"font-size: 14pt;\">TOTAL: 2.128<\/span><\/strong><\/p>\n<p><div class=\"visualizer-front-container\" id=\"chart_wrapper_visualizer-12241-1138863251\"><style type=\"text\/css\" name=\"visualizer-custom-css\" id=\"customcss-visualizer-12241\">.locker,.locker-loader{position:absolute;top:0;left:0;width:100%;height:100%}.locker{z-index:1000;opacity:.8;background-color:#fff;-ms-filter:\"progid:DXImageTransform.Microsoft.Alpha(Opacity=80)\";filter:alpha(opacity=80)}.locker-loader{z-index:1001;background:url(https:\/\/planeamiento.udelar.edu.uy\/portal\/wp-content\/plugins\/visualizer\/images\/ajax-loader.gif) no-repeat center center}.dt-button{display:none!important}.visualizer-front-container.visualizer-lazy-render{content-visibility: auto;}.google-visualization-controls-categoryfilter label.google-visualization-controls-label {vertical-align: middle;}.google-visualization-controls-categoryfilter li.goog-inline-block {margin: 0 0.2em;}.google-visualization-controls-categoryfilter li {padding: 0 0.2em;}.visualizer-front-container .dataTables_scrollHeadInner{margin: 0 auto;}<\/style><div id=\"visualizer-12241-1138863251\" class=\"visualizer-front  visualizer-front-12241\"><\/div><!-- Not showing structured data for chart 12241 because title is empty --><\/div><\/p>\n<p><\/li><li class=\"tab-pane \" id=\"ert_pane1-3\"><\/p>\n<p><strong><span style=\"font-size: 14pt;\">Egresos totales de grado 2017 por t\u00edtulo &#8211; Mujeres<\/span><\/strong><br><strong><span style=\"font-size: 14pt;\">TOTAL: 4.371<\/span><\/strong><\/p>\n<p><div class=\"visualizer-front-container\" id=\"chart_wrapper_visualizer-12245-1201541777\"><style type=\"text\/css\" name=\"visualizer-custom-css\" id=\"customcss-visualizer-12245\">.locker,.locker-loader{position:absolute;top:0;left:0;width:100%;height:100%}.locker{z-index:1000;opacity:.8;background-color:#fff;-ms-filter:\"progid:DXImageTransform.Microsoft.Alpha(Opacity=80)\";filter:alpha(opacity=80)}.locker-loader{z-index:1001;background:url(https:\/\/planeamiento.udelar.edu.uy\/portal\/wp-content\/plugins\/visualizer\/images\/ajax-loader.gif) no-repeat center center}.dt-button{display:none!important}.visualizer-front-container.visualizer-lazy-render{content-visibility: auto;}.google-visualization-controls-categoryfilter label.google-visualization-controls-label {vertical-align: middle;}.google-visualization-controls-categoryfilter li.goog-inline-block {margin: 0 0.2em;}.google-visualization-controls-categoryfilter li {padding: 0 0.2em;}.visualizer-front-container .dataTables_scrollHeadInner{margin: 0 auto;}<\/style><div id=\"visualizer-12245-1201541777\" class=\"visualizer-front  visualizer-front-12245\"><\/div><!-- Not showing structured data for chart 12245 because title is empty --><\/div><\/p>\n<p><\/li><li class=\"tab-pane \" id=\"ert_pane1-4\"><\/p>\n<p><strong><span style=\"font-size: 14pt;\">Egresos totales de grado 2017 por t\u00edtulo &#8211; \u00c1rea Tecnolog\u00eda y Ciencias de la Naturaleza y el H\u00e1bitat<\/span><\/strong><br><strong><span style=\"font-size: 14pt;\">TOTAL: 1.529<\/span><\/strong><\/p>\n<p><div class=\"visualizer-front-container\" id=\"chart_wrapper_visualizer-12249-1840739890\"><style type=\"text\/css\" name=\"visualizer-custom-css\" id=\"customcss-visualizer-12249\">.locker,.locker-loader{position:absolute;top:0;left:0;width:100%;height:100%}.locker{z-index:1000;opacity:.8;background-color:#fff;-ms-filter:\"progid:DXImageTransform.Microsoft.Alpha(Opacity=80)\";filter:alpha(opacity=80)}.locker-loader{z-index:1001;background:url(https:\/\/planeamiento.udelar.edu.uy\/portal\/wp-content\/plugins\/visualizer\/images\/ajax-loader.gif) no-repeat center center}.dt-button{display:none!important}.visualizer-front-container.visualizer-lazy-render{content-visibility: auto;}.google-visualization-controls-categoryfilter label.google-visualization-controls-label {vertical-align: middle;}.google-visualization-controls-categoryfilter li.goog-inline-block {margin: 0 0.2em;}.google-visualization-controls-categoryfilter li {padding: 0 0.2em;}.visualizer-front-container .dataTables_scrollHeadInner{margin: 0 auto;}<\/style><div id=\"visualizer-12249-1840739890\" class=\"visualizer-front  visualizer-front-12249\"><\/div><!-- Not showing structured data for chart 12249 because title is empty --><\/div><\/p>\n<p><\/li><li class=\"tab-pane \" id=\"ert_pane1-5\"><\/p>\n<p><strong><span style=\"font-size: 14pt;\">Egresos totales de grado 2017 por t\u00edtulo &#8211; \u00c1rea Social y Art\u00edstica<\/span><\/strong><br><strong><span style=\"font-size: 14pt;\">TOTAL: 2.661<\/span><\/strong><\/p>\n<p><div class=\"visualizer-front-container\" id=\"chart_wrapper_visualizer-12253-880998795\"><style type=\"text\/css\" name=\"visualizer-custom-css\" id=\"customcss-visualizer-12253\">.locker,.locker-loader{position:absolute;top:0;left:0;width:100%;height:100%}.locker{z-index:1000;opacity:.8;background-color:#fff;-ms-filter:\"progid:DXImageTransform.Microsoft.Alpha(Opacity=80)\";filter:alpha(opacity=80)}.locker-loader{z-index:1001;background:url(https:\/\/planeamiento.udelar.edu.uy\/portal\/wp-content\/plugins\/visualizer\/images\/ajax-loader.gif) no-repeat center center}.dt-button{display:none!important}.visualizer-front-container.visualizer-lazy-render{content-visibility: auto;}.google-visualization-controls-categoryfilter label.google-visualization-controls-label {vertical-align: middle;}.google-visualization-controls-categoryfilter li.goog-inline-block {margin: 0 0.2em;}.google-visualization-controls-categoryfilter li {padding: 0 0.2em;}.visualizer-front-container .dataTables_scrollHeadInner{margin: 0 auto;}<\/style><div id=\"visualizer-12253-880998795\" class=\"visualizer-front  visualizer-front-12253\"><\/div><!-- Not showing structured data for chart 12253 because title is empty --><\/div><\/p>\n<p><\/li><li class=\"tab-pane \" id=\"ert_pane1-6\"><\/p>\n<p><strong><span style=\"font-size: 14pt;\">Egresos totales de grado 2017 por t\u00edtulo &#8211; \u00c1rea Salud<\/span><\/strong><br><strong><span style=\"font-size: 14pt;\">TOTAL: 2.220<\/span><\/strong><\/p>\n<p><div class=\"visualizer-front-container\" id=\"chart_wrapper_visualizer-12257-444643056\"><style type=\"text\/css\" name=\"visualizer-custom-css\" id=\"customcss-visualizer-12257\">.locker,.locker-loader{position:absolute;top:0;left:0;width:100%;height:100%}.locker{z-index:1000;opacity:.8;background-color:#fff;-ms-filter:\"progid:DXImageTransform.Microsoft.Alpha(Opacity=80)\";filter:alpha(opacity=80)}.locker-loader{z-index:1001;background:url(https:\/\/planeamiento.udelar.edu.uy\/portal\/wp-content\/plugins\/visualizer\/images\/ajax-loader.gif) no-repeat center center}.dt-button{display:none!important}.visualizer-front-container.visualizer-lazy-render{content-visibility: auto;}.google-visualization-controls-categoryfilter label.google-visualization-controls-label {vertical-align: middle;}.google-visualization-controls-categoryfilter li.goog-inline-block {margin: 0 0.2em;}.google-visualization-controls-categoryfilter li {padding: 0 0.2em;}.visualizer-front-container .dataTables_scrollHeadInner{margin: 0 auto;}<\/style><div id=\"visualizer-12257-444643056\" class=\"visualizer-front  visualizer-front-12257\"><\/div><!-- Not showing structured data for chart 12257 because title is empty --><\/div><\/p>\n<p><\/li><\/ul><\/div><\/div>\n","protected":false},"excerpt":{"rendered":"","protected":false},"author":43,"featured_media":0,"parent":49,"menu_order":0,"comment_status":"closed","ping_status":"closed","template":"","meta":{"footnotes":""},"class_list":["post-12230","page","type-page","status-publish","hentry"],"jetpack_sharing_enabled":true,"_links":{"self":[{"href":"https:\/\/planeamiento.udelar.edu.uy\/portal\/wp-json\/wp\/v2\/pages\/12230","targetHints":{"allow":["GET"]}}],"collection":[{"href":"https:\/\/planeamiento.udelar.edu.uy\/portal\/wp-json\/wp\/v2\/pages"}],"about":[{"href":"https:\/\/planeamiento.udelar.edu.uy\/portal\/wp-json\/wp\/v2\/types\/page"}],"author":[{"embeddable":true,"href":"https:\/\/planeamiento.udelar.edu.uy\/portal\/wp-json\/wp\/v2\/users\/43"}],"replies":[{"embeddable":true,"href":"https:\/\/planeamiento.udelar.edu.uy\/portal\/wp-json\/wp\/v2\/comments?post=12230"}],"version-history":[{"count":10,"href":"https:\/\/planeamiento.udelar.edu.uy\/portal\/wp-json\/wp\/v2\/pages\/12230\/revisions"}],"predecessor-version":[{"id":12387,"href":"https:\/\/planeamiento.udelar.edu.uy\/portal\/wp-json\/wp\/v2\/pages\/12230\/revisions\/12387"}],"up":[{"embeddable":true,"href":"https:\/\/planeamiento.udelar.edu.uy\/portal\/wp-json\/wp\/v2\/pages\/49"}],"wp:attachment":[{"href":"https:\/\/planeamiento.udelar.edu.uy\/portal\/wp-json\/wp\/v2\/media?parent=12230"}],"curies":[{"name":"wp","href":"https:\/\/api.w.org\/{rel}","templated":true}]}}