{"id":16400,"date":"2022-04-20T12:54:26","date_gmt":"2022-04-20T15:54:26","guid":{"rendered":"https:\/\/planeamiento.udelar.edu.uy\/?page_id=16400"},"modified":"2025-10-31T16:19:51","modified_gmt":"2025-10-31T19:19:51","slug":"estudiante-activo","status":"publish","type":"page","link":"https:\/\/planeamiento.udelar.edu.uy\/portal\/estudiantes\/estudiantes-de-grado\/estudiante-activo\/","title":{"rendered":"Estudiante Activo"},"content":{"rendered":"\n<h4><span style=\"font-size: 12pt;\">Estudiante Activo Udelar<\/span><\/h4>\n\n\n\n<p>Comprende a los estudiantes que registran alguna actividad de rendici\u00f3n de curso o examen en los \u00faltimos dos a\u00f1os calendario consecutivos anteriores, en cualquier unidad curricular b\u00e1sica de al menos una carrera de la Udelar, m\u00e1s la generaci\u00f3n de ingreso a la Udelar en el a\u00f1o dado.<br \/>Se incluyen en esta categor\u00eda los niveles de formaci\u00f3n y certificaciones contemplados en la ordenanza de grado.<\/p>\n<p><a href=\"http:\/\/www.expe.edu.uy\/expe\/resoluci.nsf\/e3365ff03c2a3d6103256dcc003b9031\/cef44da7f881fc7303257a9b003ca0e4?OpenDocument\"><span style=\"font-size: 8pt;\">Definiciones propuestas por el Grupo SIEn y aprobadas por Resoluci\u00f3n N\u00b0 15 del CDC de fecha 23.10.12 seg\u00fan distribuido 850-12.<\/span><\/a><\/p>\n<div class=\"charts_to_edit\"><div class=\"visualizer-front-container\" id=\"chart_wrapper_visualizer-16739-835426057\"><div class=\"visualizer-actions\"><a href=\"#\" class=\"visualizer-action visualizer-action-csv\" data-visualizer-type=\"csv\" data-visualizer-chart-id=\"16739\" data-visualizer-container-id=\"visualizer-16739-835426057\" data-visualizer-mime=\"application\/csv\" title=\"Download as a CSV\">CSV<\/a> &nbsp;<a href=\"#\" class=\"visualizer-action visualizer-action-image\" data-visualizer-type=\"image\" data-visualizer-chart-id=\"16739\" data-visualizer-container-id=\"visualizer-16739-835426057\" data-visualizer-mime=\"\" title=\"Download as an image\">Download<\/a> &nbsp;<\/div><style type=\"text\/css\" name=\"visualizer-custom-css\" id=\"customcss-visualizer-16739\">.locker,.locker-loader{position:absolute;top:0;left:0;width:100%;height:100%}.locker{z-index:1000;opacity:.8;background-color:#fff;-ms-filter:\"progid:DXImageTransform.Microsoft.Alpha(Opacity=80)\";filter:alpha(opacity=80)}.locker-loader{z-index:1001;background:url(https:\/\/planeamiento.udelar.edu.uy\/portal\/wp-content\/plugins\/visualizer\/images\/ajax-loader.gif) no-repeat center center}.dt-button{display:none!important}.visualizer-front-container.visualizer-lazy-render{content-visibility: auto;}.google-visualization-controls-categoryfilter label.google-visualization-controls-label {vertical-align: middle;}.google-visualization-controls-categoryfilter li.goog-inline-block {margin: 0 0.2em;}.google-visualization-controls-categoryfilter li {padding: 0 0.2em;}.visualizer-front-container .dataTables_scrollHeadInner{margin: 0 auto;}<\/style><div id=\"visualizer-16739-835426057\" class=\"visualizer-front  visualizer-front-16739\"><\/div><!-- Not showing structured data for chart 16739 because description is empty --><\/div>\n<div><span style=\"font-size: 8pt;\"><strong>Fuente<\/strong>: Sistema de Gesti\u00f3n Administrativa de la Ense\u00f1anza (SGAE)<\/span><\/div>\n<\/div>\n\n\n\n<div class=\"post hentry ivycat-post\"><span class=\"pip-not-found\"><\/span><\/div>\n<div class=\"osc-res-tab tabbable   osc-tabs-left\"><div style=\"clear:both;width: 100%;\"><ul class=\"nav osc-res-nav nav-tabs osc-tabs-left-ul\" id=\"oscitas-restabs-1-estudiante-activo-56282\"><li class=\"active\"><a href=\"#ert_pane1-0\" data-toggle=\"tab\"><strong>Estudiante Activo por Servicio<\/strong><\/a><\/li><li class=\"\"><a href=\"#ert_pane1-1\" data-toggle=\"tab\"><strong>Estudiante Activo por Carrera<\/strong><\/a><\/li><\/ul><\/div><div style=\"clear:both;width: 100%;\"><ul class=\"tab-content\" id=\"oscitas-restabcontent-1-estudiante-activo-56282\"><li class=\"tab-pane active\" id=\"ert_pane1-0\"><\/p>\n<p>\n<!-- NOTE: If you need to make changes to this file, copy it to your current theme's main\n\tdirectory so your changes won't be overwritten when the plugin is upgraded. -->\n\n<!-- Post Wrap Start-->\n<div class=\"post hentry ivycat-post\">\n\n    <!-- \tThis outputs the post TITLE -->\n    <h2 class=\"titulo1\"><a href=\"https:\/\/planeamiento.udelar.edu.uy\/portal\/publicacion_generica\/estudiante-activo-por-servicio-2025\/\">Estudiante Activo por Servicio 2025<\/a><\/h2>\n\t<div class=\"tapa\">\n\t\t<a href=\"https:\/\/planeamiento.udelar.edu.uy\/portal\/publicacion_generica\/estudiante-activo-por-servicio-2025\/\">\n\t\t\t\t\t<\/a>\n\t<\/div>\n\n    <!-- \tThis outputs the post EXCERPT.  To display full content including images and html,\n\t\treplace the_excerpt(); with the_content();  below. -->\n    <div class=\"entry-summary\">\n\t\t\t\t\n    <\/div>\n\t<hr>\n\t<br>\n    <!--\tThis outputs the post META information -->\n\t<\/div>\n<!-- \/\/ Post Wrap End -->\n\n<!-- NOTE: If you need to make changes to this file, copy it to your current theme's main\n\tdirectory so your changes won't be overwritten when the plugin is upgraded. -->\n\n<!-- Post Wrap Start-->\n<div class=\"post hentry ivycat-post\">\n\n    <!-- \tThis outputs the post TITLE -->\n    <h2 class=\"titulo1\"><a href=\"https:\/\/planeamiento.udelar.edu.uy\/portal\/publicacion_generica\/estudiante-activo-por-servicio-2024\/\">Estudiante Activo por Servicio 2024<\/a><\/h2>\n\t<div class=\"tapa\">\n\t\t<a href=\"https:\/\/planeamiento.udelar.edu.uy\/portal\/publicacion_generica\/estudiante-activo-por-servicio-2024\/\">\n\t\t\t\t\t<\/a>\n\t<\/div>\n\n    <!-- \tThis outputs the post EXCERPT.  To display full content including images and html,\n\t\treplace the_excerpt(); with the_content();  below. -->\n    <div class=\"entry-summary\">\n\t\t\t\t\n    <\/div>\n\t<hr>\n\t<br>\n    <!--\tThis outputs the post META information -->\n\t<\/div>\n<!-- \/\/ Post Wrap End -->\n\n<!-- NOTE: If you need to make changes to this file, copy it to your current theme's main\n\tdirectory so your changes won't be overwritten when the plugin is upgraded. -->\n\n<!-- Post Wrap Start-->\n<div class=\"post hentry ivycat-post\">\n\n    <!-- \tThis outputs the post TITLE -->\n    <h2 class=\"titulo1\"><a href=\"https:\/\/planeamiento.udelar.edu.uy\/portal\/publicacion_generica\/estudiante-activo-por-servicio-2023\/\">Estudiante Activo por Servicio 2023<\/a><\/h2>\n\t<div class=\"tapa\">\n\t\t<a href=\"https:\/\/planeamiento.udelar.edu.uy\/portal\/publicacion_generica\/estudiante-activo-por-servicio-2023\/\">\n\t\t\t\t\t<\/a>\n\t<\/div>\n\n    <!-- \tThis outputs the post EXCERPT.  To display full content including images and html,\n\t\treplace the_excerpt(); with the_content();  below. -->\n    <div class=\"entry-summary\">\n\t\t\t\t\n    <\/div>\n\t<hr>\n\t<br>\n    <!--\tThis outputs the post META information -->\n\t<\/div>\n<!-- \/\/ Post Wrap End -->\n\n<!-- NOTE: If you need to make changes to this file, copy it to your current theme's main\n\tdirectory so your changes won't be overwritten when the plugin is upgraded. -->\n\n<!-- Post Wrap Start-->\n<div class=\"post hentry ivycat-post\">\n\n    <!-- \tThis outputs the post TITLE -->\n    <h2 class=\"titulo1\"><a href=\"https:\/\/planeamiento.udelar.edu.uy\/portal\/publicacion_generica\/estudiante-activo-por-servicio-2022\/\">Estudiante Activo por Servicio 2022<\/a><\/h2>\n\t<div class=\"tapa\">\n\t\t<a href=\"https:\/\/planeamiento.udelar.edu.uy\/portal\/publicacion_generica\/estudiante-activo-por-servicio-2022\/\">\n\t\t\t\t\t<\/a>\n\t<\/div>\n\n    <!-- \tThis outputs the post EXCERPT.  To display full content including images and html,\n\t\treplace the_excerpt(); with the_content();  below. -->\n    <div class=\"entry-summary\">\n\t\t\t\t\n    <\/div>\n\t<hr>\n\t<br>\n    <!--\tThis outputs the post META information -->\n\t<\/div>\n<!-- \/\/ Post Wrap End -->\n\n<!-- NOTE: If you need to make changes to this file, copy it to your current theme's main\n\tdirectory so your changes won't be overwritten when the plugin is upgraded. -->\n\n<!-- Post Wrap Start-->\n<div class=\"post hentry ivycat-post\">\n\n    <!-- \tThis outputs the post TITLE -->\n    <h2 class=\"titulo1\"><a href=\"https:\/\/planeamiento.udelar.edu.uy\/portal\/publicacion_generica\/estudiante-activo-por-servicio-2021\/\">Estudiante Activo por Servicio 2021<\/a><\/h2>\n\t<div class=\"tapa\">\n\t\t<a href=\"https:\/\/planeamiento.udelar.edu.uy\/portal\/publicacion_generica\/estudiante-activo-por-servicio-2021\/\">\n\t\t\t\t\t<\/a>\n\t<\/div>\n\n    <!-- \tThis outputs the post EXCERPT.  To display full content including images and html,\n\t\treplace the_excerpt(); with the_content();  below. -->\n    <div class=\"entry-summary\">\n\t\t\t\t\n    <\/div>\n\t<hr>\n\t<br>\n    <!--\tThis outputs the post META information -->\n\t<\/div>\n<!-- \/\/ Post Wrap End -->\n\n<!-- NOTE: If you need to make changes to this file, copy it to your current theme's main\n\tdirectory so your changes won't be overwritten when the plugin is upgraded. -->\n\n<!-- Post Wrap Start-->\n<div class=\"post hentry ivycat-post\">\n\n    <!-- \tThis outputs the post TITLE -->\n    <h2 class=\"titulo1\"><a href=\"https:\/\/planeamiento.udelar.edu.uy\/portal\/publicacion_generica\/estudiantes-activos-por-servicio-2020\/\">Estudiante Activo por Servicio 2020<\/a><\/h2>\n\t<div class=\"tapa\">\n\t\t<a href=\"https:\/\/planeamiento.udelar.edu.uy\/portal\/publicacion_generica\/estudiantes-activos-por-servicio-2020\/\">\n\t\t\t\t\t<\/a>\n\t<\/div>\n\n    <!-- \tThis outputs the post EXCERPT.  To display full content including images and html,\n\t\treplace the_excerpt(); with the_content();  below. -->\n    <div class=\"entry-summary\">\n\t\t\t\t\n    <\/div>\n\t<hr>\n\t<br>\n    <!--\tThis outputs the post META information -->\n\t<\/div>\n<!-- \/\/ Post Wrap End -->\n<\/p>\n<p><\/li><li class=\"tab-pane \" id=\"ert_pane1-1\"><\/p>\n<p>\n<!-- NOTE: If you need to make changes to this file, copy it to your current theme's main\n\tdirectory so your changes won't be overwritten when the plugin is upgraded. -->\n\n<!-- Post Wrap Start-->\n<div class=\"post hentry ivycat-post\">\n\n    <!-- \tThis outputs the post TITLE -->\n    <h2 class=\"titulo1\"><a href=\"https:\/\/planeamiento.udelar.edu.uy\/portal\/publicacion_generica\/estudiante-activo-por-carrera-2025\/\">Estudiante Activo por Carrera 2025<\/a><\/h2>\n\t<div class=\"tapa\">\n\t\t<a href=\"https:\/\/planeamiento.udelar.edu.uy\/portal\/publicacion_generica\/estudiante-activo-por-carrera-2025\/\">\n\t\t\t\t\t<\/a>\n\t<\/div>\n\n    <!-- \tThis outputs the post EXCERPT.  To display full content including images and html,\n\t\treplace the_excerpt(); with the_content();  below. -->\n    <div class=\"entry-summary\">\n\t\t\t\t\n    <\/div>\n\t<hr>\n\t<br>\n    <!--\tThis outputs the post META information -->\n\t<\/div>\n<!-- \/\/ Post Wrap End -->\n\n<!-- NOTE: If you need to make changes to this file, copy it to your current theme's main\n\tdirectory so your changes won't be overwritten when the plugin is upgraded. -->\n\n<!-- Post Wrap Start-->\n<div class=\"post hentry ivycat-post\">\n\n    <!-- \tThis outputs the post TITLE -->\n    <h2 class=\"titulo1\"><a href=\"https:\/\/planeamiento.udelar.edu.uy\/portal\/publicacion_generica\/estudiante-activo-por-carrera-2024\/\">Estudiante Activo por Carrera 2024<\/a><\/h2>\n\t<div class=\"tapa\">\n\t\t<a href=\"https:\/\/planeamiento.udelar.edu.uy\/portal\/publicacion_generica\/estudiante-activo-por-carrera-2024\/\">\n\t\t\t\t\t<\/a>\n\t<\/div>\n\n    <!-- \tThis outputs the post EXCERPT.  To display full content including images and html,\n\t\treplace the_excerpt(); with the_content();  below. -->\n    <div class=\"entry-summary\">\n\t\t\t\t\n    <\/div>\n\t<hr>\n\t<br>\n    <!--\tThis outputs the post META information -->\n\t<\/div>\n<!-- \/\/ Post Wrap End -->\n\n<!-- NOTE: If you need to make changes to this file, copy it to your current theme's main\n\tdirectory so your changes won't be overwritten when the plugin is upgraded. -->\n\n<!-- Post Wrap Start-->\n<div class=\"post hentry ivycat-post\">\n\n    <!-- \tThis outputs the post TITLE -->\n    <h2 class=\"titulo1\"><a href=\"https:\/\/planeamiento.udelar.edu.uy\/portal\/publicacion_generica\/estudiante-activo-por-carrera-2023\/\">Estudiante Activo por Carrera 2023<\/a><\/h2>\n\t<div class=\"tapa\">\n\t\t<a href=\"https:\/\/planeamiento.udelar.edu.uy\/portal\/publicacion_generica\/estudiante-activo-por-carrera-2023\/\">\n\t\t\t\t\t<\/a>\n\t<\/div>\n\n    <!-- \tThis outputs the post EXCERPT.  To display full content including images and html,\n\t\treplace the_excerpt(); with the_content();  below. -->\n    <div class=\"entry-summary\">\n\t\t\t\t\n    <\/div>\n\t<hr>\n\t<br>\n    <!--\tThis outputs the post META information -->\n\t<\/div>\n<!-- \/\/ Post Wrap End -->\n\n<!-- NOTE: If you need to make changes to this file, copy it to your current theme's main\n\tdirectory so your changes won't be overwritten when the plugin is upgraded. -->\n\n<!-- Post Wrap Start-->\n<div class=\"post hentry ivycat-post\">\n\n    <!-- \tThis outputs the post TITLE -->\n    <h2 class=\"titulo1\"><a href=\"https:\/\/planeamiento.udelar.edu.uy\/portal\/publicacion_generica\/estudiante-activo-por-carrera-2022\/\">Estudiante Activo por Carrera 2022<\/a><\/h2>\n\t<div class=\"tapa\">\n\t\t<a href=\"https:\/\/planeamiento.udelar.edu.uy\/portal\/publicacion_generica\/estudiante-activo-por-carrera-2022\/\">\n\t\t\t\t\t<\/a>\n\t<\/div>\n\n    <!-- \tThis outputs the post EXCERPT.  To display full content including images and html,\n\t\treplace the_excerpt(); with the_content();  below. -->\n    <div class=\"entry-summary\">\n\t\t\t\t\n    <\/div>\n\t<hr>\n\t<br>\n    <!--\tThis outputs the post META information -->\n\t<\/div>\n<!-- \/\/ Post Wrap End -->\n<\/p>\n<p><\/li><\/ul><\/div><\/div>\n\n\n\n<script>\nwindow.addEventListener(\"DOMContentLoaded\", function(){\n\/\/CAMBIAMOS DE IDIOMA EL TEXTO PARA DESCARGAR LA GRAFICA.\n tabs = document.getElementsByClassName(\"tab-pane\");\n for (i=0; i<tabs.length; i++){\n  tabs[i].classList.add(\"visualizer-hidden-container\");\n }\n downloads = document.getElementsByClassName(\"visualizer-action-image\");\n for (i=0; i<downloads.length; i++){\n  downloads[i].innerText=\"Descargar imagen\";\n }\n csvs = document.getElementsByClassName(\"visualizer-action-csv\");\n for (i=0; i<csvs.length; i++){\n  csvs[i].innerText=\"Descargar datos CSV\";\n }\n\n\/\/MOVEMOS DE LUGAR TODAS LAS GR\u00c1FICAS PARA QUE LA OPCI\u00d3N DE DESCARGAR QUEDE ABAJO\ncharts = document.getElementsByClassName('charts_to_edit'); \n\/\/A\u00d1ADI UN DIV CON ESTA CLASE EN EL \n\/\/CODIGO FUENTE ALREDEDOR DE CADA CHART\nfor(let i=0; i<charts.length; i++){\n visualizer_actions = charts[i].getElementsByClassName('visualizer-actions')[0];\/\/LAS OPCIONES DE DESCARGA\n chart = charts[i].getElementsByClassName('visualizer-front')[0]; \/\/LA GRAFICA\n visualizer_actions.insertAdjacentElement('beforeBegin',chart); \/\/MOVEMOS LA GRAFICA PARA ARRIBA\n}\n});\n<\/script>\n","protected":false},"excerpt":{"rendered":"<p>Estudiante Activo Udelar Comprende a los estudiantes que registran alguna actividad de rendici\u00f3n de curso o examen en los \u00faltimos dos a\u00f1os calendario consecutivos anteriores, en cualquier unidad curricular b\u00e1sica &hellip;<\/p>\n","protected":false},"author":1737,"featured_media":0,"parent":35,"menu_order":0,"comment_status":"closed","ping_status":"closed","template":"","meta":{"footnotes":""},"class_list":["post-16400","page","type-page","status-publish","hentry"],"jetpack_sharing_enabled":true,"_links":{"self":[{"href":"https:\/\/planeamiento.udelar.edu.uy\/portal\/wp-json\/wp\/v2\/pages\/16400","targetHints":{"allow":["GET"]}}],"collection":[{"href":"https:\/\/planeamiento.udelar.edu.uy\/portal\/wp-json\/wp\/v2\/pages"}],"about":[{"href":"https:\/\/planeamiento.udelar.edu.uy\/portal\/wp-json\/wp\/v2\/types\/page"}],"author":[{"embeddable":true,"href":"https:\/\/planeamiento.udelar.edu.uy\/portal\/wp-json\/wp\/v2\/users\/1737"}],"replies":[{"embeddable":true,"href":"https:\/\/planeamiento.udelar.edu.uy\/portal\/wp-json\/wp\/v2\/comments?post=16400"}],"version-history":[{"count":38,"href":"https:\/\/planeamiento.udelar.edu.uy\/portal\/wp-json\/wp\/v2\/pages\/16400\/revisions"}],"predecessor-version":[{"id":23569,"href":"https:\/\/planeamiento.udelar.edu.uy\/portal\/wp-json\/wp\/v2\/pages\/16400\/revisions\/23569"}],"up":[{"embeddable":true,"href":"https:\/\/planeamiento.udelar.edu.uy\/portal\/wp-json\/wp\/v2\/pages\/35"}],"wp:attachment":[{"href":"https:\/\/planeamiento.udelar.edu.uy\/portal\/wp-json\/wp\/v2\/media?parent=16400"}],"curies":[{"name":"wp","href":"https:\/\/api.w.org\/{rel}","templated":true}]}}