{"id":16859,"date":"2022-05-20T13:13:30","date_gmt":"2022-05-20T16:13:30","guid":{"rendered":"https:\/\/planeamiento.udelar.edu.uy\/?page_id=16859"},"modified":"2024-08-07T12:27:01","modified_gmt":"2024-08-07T15:27:01","slug":"documentos-augm","status":"publish","type":"page","link":"https:\/\/planeamiento.udelar.edu.uy\/portal\/documentos-augm\/","title":{"rendered":"Documentos AUGM N\u00facleo Disciplinario Evaluaci\u00f3n Institucional, Planeamiento Estrat\u00e9gico y Gesti\u00f3n Universitaria"},"content":{"rendered":"","protected":true},"excerpt":{"rendered":"","protected":true},"author":1737,"featured_media":0,"parent":0,"menu_order":0,"comment_status":"closed","ping_status":"closed","template":"","meta":{"footnotes":""},"class_list":["post-16859","page","type-page","status-publish","post-password-required","hentry"],"jetpack_sharing_enabled":true,"_links":{"self":[{"href":"https:\/\/planeamiento.udelar.edu.uy\/portal\/wp-json\/wp\/v2\/pages\/16859","targetHints":{"allow":["GET"]}}],"collection":[{"href":"https:\/\/planeamiento.udelar.edu.uy\/portal\/wp-json\/wp\/v2\/pages"}],"about":[{"href":"https:\/\/planeamiento.udelar.edu.uy\/portal\/wp-json\/wp\/v2\/types\/page"}],"author":[{"embeddable":true,"href":"https:\/\/planeamiento.udelar.edu.uy\/portal\/wp-json\/wp\/v2\/users\/1737"}],"replies":[{"embeddable":true,"href":"https:\/\/planeamiento.udelar.edu.uy\/portal\/wp-json\/wp\/v2\/comments?post=16859"}],"version-history":[{"count":26,"href":"https:\/\/planeamiento.udelar.edu.uy\/portal\/wp-json\/wp\/v2\/pages\/16859\/revisions"}],"predecessor-version":[{"id":22109,"href":"https:\/\/planeamiento.udelar.edu.uy\/portal\/wp-json\/wp\/v2\/pages\/16859\/revisions\/22109"}],"wp:attachment":[{"href":"https:\/\/planeamiento.udelar.edu.uy\/portal\/wp-json\/wp\/v2\/media?parent=16859"}],"curies":[{"name":"wp","href":"https:\/\/api.w.org\/{rel}","templated":true}]}}