{"id":20302,"date":"2023-09-05T19:40:20","date_gmt":"2023-09-05T22:40:20","guid":{"rendered":"https:\/\/planeamiento.udelar.edu.uy\/?page_id=20302"},"modified":"2023-09-15T11:57:38","modified_gmt":"2023-09-15T14:57:38","slug":"presupuesto-quinquenal-2010-2014","status":"publish","type":"page","link":"https:\/\/planeamiento.udelar.edu.uy\/portal\/presupuesto\/presupuesto-quinquenal-2010-2014\/","title":{"rendered":"Presupuesto Quinquenal 2010-2014"},"content":{"rendered":"\n\n\n<p><a href=\"https:\/\/planeamiento.udelar.edu.uy\/wp-content\/uploads\/sites\/33\/2023\/09\/01.-Proyecto-Articulado-Udelar.pdf\">Proyecto Articulado Udelar<\/a><\/p>\n<p><a href=\"https:\/\/planeamiento.udelar.edu.uy\/wp-content\/uploads\/sites\/33\/2023\/09\/02.-Fundamentacion-Presupuestal-Ampliada-Udelar.pdf\">Fundamentaci\u00f3n Presupuestal Ampliada Udelar<\/a><\/p>\n<p><a href=\"https:\/\/planeamiento.udelar.edu.uy\/wp-content\/uploads\/sites\/33\/2023\/09\/03.-Fundamentacion-Presupuestal-Udelar.pdf\">Fundamentaci\u00f3n Presupuestal Udelar<\/a><\/p>\n<p><a href=\"https:\/\/planeamiento.udelar.edu.uy\/wp-content\/uploads\/sites\/33\/2023\/09\/04.-Proyecto-Poder-Ejecutivo-PN-2010-2014-310810.pdf\">Proyecto Poder Ejecutivo PN 2010-2014 310810<\/a><\/p>\n<p><a href=\"https:\/\/planeamiento.udelar.edu.uy\/wp-content\/uploads\/sites\/33\/2023\/09\/05.-Exposicion-de-Motivos-Poder-Ejecutivo-310810.pdf\">Exposici\u00f3n de Motivos Poder Ejecutivo 310810<\/a><\/p>\n<p><a href=\"https:\/\/planeamiento.udelar.edu.uy\/wp-content\/uploads\/sites\/33\/2023\/09\/06.-Analisis-DGPlan-del-Proyecto-del-PE-para-CDC-140910.pdf\">An\u00e1lisis DGPlan del Proyecto del PE para CDC 140910<\/a><\/p>\n<p><a href=\"https:\/\/planeamiento.udelar.edu.uy\/wp-content\/uploads\/sites\/33\/2023\/09\/07.-Presentacion-Com.-Hacienda-Diputados-20.09.10.pdf\">Presentaci\u00f3n Com. Hacienda Diputados 20.09.10<\/a><\/p>\n<p><a href=\"https:\/\/planeamiento.udelar.edu.uy\/wp-content\/uploads\/sites\/33\/2023\/09\/08.-Presentacion-Com.-Hacienda-Senadores-09.11.10.pdf\">Presentaci\u00f3n Com. Hacienda Senadores 09.11.10<\/a><\/p>\n<p><a href=\"https:\/\/planeamiento.udelar.edu.uy\/wp-content\/uploads\/sites\/33\/2023\/09\/09.-Ley-N\u00b018719-Pto.-Nacional-2010-2014.pdf\">Ley N\u00b018719 Pto. Nacional 2010 &#8211; 2014<\/a><\/p>\n\n\n","protected":false},"excerpt":{"rendered":"<p>Proyecto Articulado Udelar Fundamentaci\u00f3n Presupuestal Ampliada Udelar Fundamentaci\u00f3n Presupuestal Udelar Proyecto Poder Ejecutivo PN 2010-2014 310810 Exposici\u00f3n de Motivos Poder Ejecutivo 310810 An\u00e1lisis DGPlan del Proyecto del PE para CDC &hellip;<\/p>\n","protected":false},"author":45,"featured_media":0,"parent":22,"menu_order":0,"comment_status":"closed","ping_status":"closed","template":"","meta":{"footnotes":""},"class_list":["post-20302","page","type-page","status-publish","hentry"],"jetpack_sharing_enabled":true,"_links":{"self":[{"href":"https:\/\/planeamiento.udelar.edu.uy\/portal\/wp-json\/wp\/v2\/pages\/20302","targetHints":{"allow":["GET"]}}],"collection":[{"href":"https:\/\/planeamiento.udelar.edu.uy\/portal\/wp-json\/wp\/v2\/pages"}],"about":[{"href":"https:\/\/planeamiento.udelar.edu.uy\/portal\/wp-json\/wp\/v2\/types\/page"}],"author":[{"embeddable":true,"href":"https:\/\/planeamiento.udelar.edu.uy\/portal\/wp-json\/wp\/v2\/users\/45"}],"replies":[{"embeddable":true,"href":"https:\/\/planeamiento.udelar.edu.uy\/portal\/wp-json\/wp\/v2\/comments?post=20302"}],"version-history":[{"count":3,"href":"https:\/\/planeamiento.udelar.edu.uy\/portal\/wp-json\/wp\/v2\/pages\/20302\/revisions"}],"predecessor-version":[{"id":20348,"href":"https:\/\/planeamiento.udelar.edu.uy\/portal\/wp-json\/wp\/v2\/pages\/20302\/revisions\/20348"}],"up":[{"embeddable":true,"href":"https:\/\/planeamiento.udelar.edu.uy\/portal\/wp-json\/wp\/v2\/pages\/22"}],"wp:attachment":[{"href":"https:\/\/planeamiento.udelar.edu.uy\/portal\/wp-json\/wp\/v2\/media?parent=20302"}],"curies":[{"name":"wp","href":"https:\/\/api.w.org\/{rel}","templated":true}]}}