{"id":21762,"date":"2024-09-16T14:35:22","date_gmt":"2024-09-16T17:35:22","guid":{"rendered":"https:\/\/planeamiento.udelar.edu.uy\/portal\/?page_id=21762"},"modified":"2025-02-06T13:52:02","modified_gmt":"2025-02-06T16:52:02","slug":"iv-evi-2024","status":"publish","type":"page","link":"https:\/\/planeamiento.udelar.edu.uy\/portal\/iv-evi-2024\/","title":{"rendered":"IV Escuela de Verano &#8211; Invierno 2024"},"content":{"rendered":"\n<p><img loading=\"lazy\" decoding=\"async\" class=\"alignnone wp-image-21814 size-large\" src=\"https:\/\/planeamiento.udelar.edu.uy\/portal\/wp-content\/uploads\/sites\/33\/2024\/09\/EVI-portada-1024x154.png\" alt=\"\" width=\"1024\" height=\"154\" srcset=\"https:\/\/planeamiento.udelar.edu.uy\/portal\/wp-content\/uploads\/sites\/33\/2024\/09\/EVI-portada-1024x154.png 1024w, https:\/\/planeamiento.udelar.edu.uy\/portal\/wp-content\/uploads\/sites\/33\/2024\/09\/EVI-portada-300x45.png 300w, https:\/\/planeamiento.udelar.edu.uy\/portal\/wp-content\/uploads\/sites\/33\/2024\/09\/EVI-portada-768x115.png 768w, https:\/\/planeamiento.udelar.edu.uy\/portal\/wp-content\/uploads\/sites\/33\/2024\/09\/EVI-portada-1536x230.png 1536w, https:\/\/planeamiento.udelar.edu.uy\/portal\/wp-content\/uploads\/sites\/33\/2024\/09\/EVI-portada-2048x307.png 2048w, https:\/\/planeamiento.udelar.edu.uy\/portal\/wp-content\/uploads\/sites\/33\/2024\/09\/EVI-portada-615x92.png 615w, https:\/\/planeamiento.udelar.edu.uy\/portal\/wp-content\/uploads\/sites\/33\/2024\/09\/EVI-portada-1333x200.png 1333w\" sizes=\"auto, (max-width: 1024px) 100vw, 1024px\" \/><\/p>\n\n\n\n<div class=\"osc-res-tab tabbable   osc-tabs-left\"><div style=\"clear:both;width: 100%;\"><ul class=\"nav osc-res-nav nav-tabs osc-tabs-left-ul\" id=\"oscitas-restabs-1-iv-evi-2024-60067\"><li class=\"active\"><a href=\"#ert_pane1-0\" data-toggle=\"tab\">Inicio<\/a><\/li><li class=\"\"><a href=\"#ert_pane1-1\" data-toggle=\"tab\">Lunes 30<\/a><\/li><li class=\"\"><a href=\"#ert_pane1-2\" data-toggle=\"tab\">Martes 1<\/a><\/li><li class=\"\"><a href=\"#ert_pane1-3\" data-toggle=\"tab\">Mi\u00e9rcoles 2<\/a><\/li><li class=\"\"><a href=\"#ert_pane1-4\" data-toggle=\"tab\">Jueves 3<\/a><\/li><li class=\"\"><a href=\"#ert_pane1-5\" data-toggle=\"tab\">Viernes 4<\/a><\/li><\/ul><\/div><div style=\"clear:both;width: 100%;\"><ul class=\"tab-content\" id=\"oscitas-restabcontent-1-iv-evi-2024-60067\"><li class=\"tab-pane active\" id=\"ert_pane1-0\"><br \/><div class=\"post hentry ivycat-post\"><span class=\"pip-not-found\"><\/span><\/div><\/p>\n<p><a href=\"https:\/\/planeamiento.udelar.edu.uy\/portal\/wp-content\/uploads\/sites\/33\/2024\/09\/Programa-EVI-2024-1.pdf\">Programa IV Escuela de Verano \u2013 Invierno 2024<\/a><\/p>\n<p><a href=\"https:\/\/forms.gle\/1N9rF4FhFpHL4c9y6\" target=\"_blank\" rel=\"noopener\">Tarea obligatoria IV Escuela de Verano &#8211; Invierno 2024\u00a0\u00a0\u00a0<\/a><\/p>\n<p><a href=\"https:\/\/forms.gle\/cM6hWsYHtwWZDHgf6\" target=\"_blank\" rel=\"noopener\">Evaluaci\u00f3n IV Escuela de Verano &#8211; Invierno 2024<\/a><\/p>\n<h4>175 a\u00f1os de la Universidad de la Rep\u00fablica<\/h4>\n<p><div style=\"width: 1280px;\" class=\"wp-video\"><video class=\"wp-video-shortcode\" id=\"video-21762-1\" width=\"1280\" height=\"720\" preload=\"metadata\" controls=\"controls\"><source type=\"video\/mp4\" src=\"https:\/\/planeamiento.udelar.edu.uy\/portal\/wp-content\/uploads\/sites\/33\/2024\/09\/175-anos-de-la-Universidad-de-la-Republica-1.mp4?_=1\" \/><a href=\"https:\/\/planeamiento.udelar.edu.uy\/portal\/wp-content\/uploads\/sites\/33\/2024\/09\/175-anos-de-la-Universidad-de-la-Republica-1.mp4\">https:\/\/planeamiento.udelar.edu.uy\/portal\/wp-content\/uploads\/sites\/33\/2024\/09\/175-anos-de-la-Universidad-de-la-Republica-1.mp4<\/a><\/video><\/div><\/p>\n<p><\/li><li class=\"tab-pane \" id=\"ert_pane1-1\"><br \/><div class=\"post hentry ivycat-post\"><span class=\"pip-not-found\"><\/span><\/div><\/p>\n<h2>Presentaciones del d\u00eda<\/h2>\n<h3>Conferencia \u2013 Visi\u00f3n de la Universidad del futuro<\/h3>\n<p><a href=\"https:\/\/planeamiento.udelar.edu.uy\/portal\/wp-content\/uploads\/sites\/33\/2024\/09\/augm-escuela.pdf\">Las universidades en sus disyuntivas: democratizaci\u00f3n, calidad, pertenencia nacional y compromiso social &#8211; Rodrigo Arim<\/a><\/p>\n<h3>Universidad y los ODS\u00a0<\/h3>\n<p><a href=\"https:\/\/planeamiento.udelar.edu.uy\/portal\/wp-content\/uploads\/sites\/33\/2024\/09\/PresentacionMiguelGGaviola30SeptAUGM.pdf\">Universidad y los Objetivos de Desarrollo Sostenible (ODS) &#8211; Miguel Gonz\u00e1lez Gaviola<\/a><\/p>\n<p><a href=\"https:\/\/planeamiento.udelar.edu.uy\/portal\/wp-content\/uploads\/sites\/33\/2024\/09\/Exposicion-para-AUGM-2024-Montevideo-para-pdf-Antonio-Mangione.pdf\">El rol de las universidades como formadoras de agentes de cambio &#8211; Antonio Mangione<\/a><\/p>\n<p><a href=\"https:\/\/planeamiento.udelar.edu.uy\/portal\/wp-content\/uploads\/sites\/33\/2024\/09\/Economia-Circular.pptx.pdf\">Econom\u00eda circular en UDELAR &#8211; Gabriela Pintos Trias &#8211; Ines Vazquez Boasso<\/a><\/p>\n<p><a href=\"https:\/\/planeamiento.udelar.edu.uy\/portal\/wp-content\/uploads\/sites\/33\/2024\/10\/PrDiplomadoHODSorg.-UNCUYO.Carola-Alvarez.pdf\">Diplomado en Herramientas para la Implementaci\u00f3n de los ODS en las Organizaciones &#8211; Carola Alvarez<\/a><\/p>\n<p><a href=\"https:\/\/planeamiento.udelar.edu.uy\/portal\/wp-content\/uploads\/sites\/33\/2024\/09\/Agenda-2030-na-UFSM-apresentacao-Escola-de-Verao-AUGM-Uruguai-6.pdf\">AGENDA 2030 NA UFSM &#8211; Jaciele Sell<\/a><\/p>\n<p>\u00a0<\/p>\n<h3>Taller evaluaci\u00f3n de desempe\u00f1o de funcionarios Docentes y T\u00e9cnicos, Administrativos y de Servicio en digitalizaci\u00f3n de las organizaciones<\/h3>\n<p><a href=\"https:\/\/planeamiento.udelar.edu.uy\/portal\/wp-content\/uploads\/sites\/33\/2024\/10\/240930_Taller-AUGM_AO-ED-Leonardo-Schvarstein.pdf\">Taller La Evaluaci\u00f3n de Desempe\u00f1o (para el personal TAS) como analizador de la Universidad Taller La Evaluaci\u00f3n de Desempe\u00f1o (para el personal TAS) como analizador de la Universidad &#8211; Leonardo Schvarstein<\/a><\/p>\n<p><a href=\"https:\/\/planeamiento.udelar.edu.uy\/portal\/wp-content\/uploads\/sites\/33\/2024\/10\/PENSANDO-UN-SISTEMA-DE-EVALUACION-DE-DESEMPENO-TAS-CLAUDIA-PERRONE.pdf\">Pensando un sistema de evaluaci\u00f3n de desempe\u00f1o tas &#8211; Claudia Perrone<\/a><\/p>\n<h4>Bibliograf\u00eda\u00a0<\/h4>\n<p><a href=\"https:\/\/planeamiento.udelar.edu.uy\/portal\/wp-content\/uploads\/sites\/33\/2024\/09\/accelerating-education-for-the-sdgs-in-unis-ES-web.pdf\">Acelerando la educaci\u00f3n para los ODS en las universidades<\/a><\/p>\n<p><a href=\"https:\/\/planeamiento.udelar.edu.uy\/portal\/wp-content\/uploads\/sites\/33\/2024\/09\/EHUagenda2030-Panel-Indicadores.pdf\">EHU agenda 2030 Panel Indicadores<\/a><\/p>\n<p><a href=\"https:\/\/planeamiento.udelar.edu.uy\/portal\/wp-content\/uploads\/sites\/33\/2024\/09\/GuiaUNiversidadesODS.pdf\">C\u00f3mo empezar con los ODS en las universidades \u2013 Gu\u00eda<\/a><\/p>\n<p><a href=\"https:\/\/planeamiento.udelar.edu.uy\/portal\/wp-content\/uploads\/sites\/33\/2024\/09\/Guia-de-buenas-practicas-ambientales-UNCUYO.pdf\">Gu\u00eda de buenas pr\u00e1cticas ambientales &#8211; UNCUYO<\/a><\/p>\n<p><a href=\"https:\/\/planeamiento.udelar.edu.uy\/portal\/wp-content\/uploads\/sites\/33\/2024\/09\/Pequeno-Libro-Empujones-Verdes.pdf\">El peque\u00f1o libro de los empujones verdes<\/a><\/p>\n<p><a href=\"https:\/\/planeamiento.udelar.edu.uy\/portal\/wp-content\/uploads\/sites\/33\/2024\/09\/The-Sustainable-Development-Goals-Report-2023_Spanish.pdf\">Informe de los Objetivos de Desarrollo Sostenible<\/a><\/p>\n<h3>Presentaci\u00f3n de diferentes casos, ejemplos de abordaje e implementaci\u00f3n de la Agenda 2023 en Universidades de los pa\u00edses que conforman AUGM (VIDEOS)<\/h3>\n<h4>Universidad de Chile &#8211; Red de Pobreza Energ\u00e9tica<\/h4>\n<p><div style=\"width: 1272px;\" class=\"wp-video\"><video class=\"wp-video-shortcode\" id=\"video-21762-2\" width=\"1272\" height=\"720\" preload=\"metadata\" controls=\"controls\"><source type=\"video\/mp4\" src=\"https:\/\/planeamiento.udelar.edu.uy\/portal\/wp-content\/uploads\/sites\/33\/2024\/09\/Presentacion-RedPE-AUGM-24.09.2024.mp4?_=2\" \/><a href=\"https:\/\/planeamiento.udelar.edu.uy\/portal\/wp-content\/uploads\/sites\/33\/2024\/09\/Presentacion-RedPE-AUGM-24.09.2024.mp4\">https:\/\/planeamiento.udelar.edu.uy\/portal\/wp-content\/uploads\/sites\/33\/2024\/09\/Presentacion-RedPE-AUGM-24.09.2024.mp4<\/a><\/video><\/div><\/p>\n<h4>Universidad Nacional del Litoral<\/h4>\n<p><div style=\"width: 1920px;\" class=\"wp-video\"><video class=\"wp-video-shortcode\" id=\"video-21762-3\" width=\"1920\" height=\"1080\" preload=\"metadata\" controls=\"controls\"><source type=\"video\/mp4\" src=\"https:\/\/planeamiento.udelar.edu.uy\/portal\/wp-content\/uploads\/sites\/33\/2024\/09\/UNL-ODS-VIDEO-FINAL-2024-1.mp4?_=3\" \/><a href=\"https:\/\/planeamiento.udelar.edu.uy\/portal\/wp-content\/uploads\/sites\/33\/2024\/09\/UNL-ODS-VIDEO-FINAL-2024-1.mp4\">https:\/\/planeamiento.udelar.edu.uy\/portal\/wp-content\/uploads\/sites\/33\/2024\/09\/UNL-ODS-VIDEO-FINAL-2024-1.mp4<\/a><\/video><\/div><\/p>\n<p><a href=\"https:\/\/drive.google.com\/file\/d\/1qfZUC0J5Jq1XhBmTO_5Gky6bIGD2KmYX\/view?usp=sharing\">Video Universidad Nacional de C\u00f3rdoba<\/a><\/p>\n<h2>Grabaciones<\/h2>\n<h4>Conferencia: Visi\u00f3n de la Universidad del futuro &#8211; Rodrigo Arim<\/h4>\n<p><iframe loading=\"lazy\" title=\"YouTube video player\" src=\"https:\/\/www.youtube.com\/embed\/SyVYfR70MvI?si=l7Naw8W4Ew88B5UC\" width=\"560\" height=\"315\" frameborder=\"0\" allowfullscreen=\"allowfullscreen\"><\/iframe><\/p>\n<h3>Universidad y los Objetivos de Desarrollo Sostenible (ODS)<\/h3>\n<h4>Introducci\u00f3n &#8211; Miguel Gonz\u00e1lez Gaviola<\/h4>\n<p><iframe loading=\"lazy\" title=\"YouTube video player\" src=\"https:\/\/www.youtube.com\/embed\/9hNzQeC-Nsk?si=xbn9l79P6aQhyElj\" width=\"560\" height=\"315\" frameborder=\"0\" allowfullscreen=\"allowfullscreen\"><\/iframe><\/p>\n<h4>El rol de las universidades como formadoras de agentes de cambio &#8211; Antonio Mangione<\/h4>\n<p><iframe loading=\"lazy\" title=\"YouTube video player\" src=\"https:\/\/www.youtube.com\/embed\/uchY4EZbBJA?si=BZfI3Cm6sdRCCCvC\" width=\"560\" height=\"315\" frameborder=\"0\" allowfullscreen=\"allowfullscreen\"><\/iframe><\/p>\n<h3>Presentaci\u00f3n de diferentes casos, ejemplos de abordaje e implementaci\u00f3n de la Agenda 2030 en Universidades de los pa\u00edses que conforman AUGM<\/h3>\n<h4>Econom\u00eda circular &#8211; Gabriela Pintos e In\u00e9s V\u00e1zquez<\/h4>\n<p><iframe loading=\"lazy\" title=\"YouTube video player\" src=\"https:\/\/www.youtube.com\/embed\/iGD7pQ9e5L4?si=ApXkHZ1TNh55_Mz5\" width=\"560\" height=\"315\" frameborder=\"0\" allowfullscreen=\"allowfullscreen\"><\/iframe><\/p>\n<h4>Diplomado en herramientas para implementaci\u00f3n de Objetivos de Desarrollo Sostenible en las organizaciones &#8211; Carola \u00c1lvarez<\/h4>\n<p><iframe loading=\"lazy\" title=\"YouTube video player\" src=\"https:\/\/www.youtube.com\/embed\/j55Fe6AolNM?si=8seLA7P-IuWrkPcs\" width=\"560\" height=\"315\" frameborder=\"0\" allowfullscreen=\"allowfullscreen\"><\/iframe>\u00a0<\/p>\n<h4>Implementaci\u00f3n de los ODS en la comunidad universitaria &#8211; Jaciele Carine Vidor Sell<\/h4>\n<p><iframe loading=\"lazy\" title=\"YouTube video player\" src=\"https:\/\/www.youtube.com\/embed\/HSrCfSWpaKk?si=yGoE6w3X9M2-QKYt\" width=\"560\" height=\"315\" frameborder=\"0\" allowfullscreen=\"allowfullscreen\"><\/iframe><\/p>\n<p>\u00a0<\/p>\n<p><\/li><li class=\"tab-pane \" id=\"ert_pane1-2\"><br \/><div class=\"post hentry ivycat-post\"><span class=\"pip-not-found\"><\/span><\/div><\/p>\n<h2>Presentaciones del d\u00eda<\/h2>\n<h3>Planificaci\u00f3n estrat\u00e9gica en las universidades p\u00fablicas y planes de mejora<\/h3>\n<p><a href=\"https:\/\/planeamiento.udelar.edu.uy\/portal\/wp-content\/uploads\/sites\/33\/2024\/10\/PLANIFICACION-UNIV-2024-JORGE-XAVIER.pdf\">Planeamiento estrat\u00e9gico en la Universidad, desaf\u00edos y dilemas &#8211; Jorge Xavier<\/a><\/p>\n<p><a href=\"https:\/\/prezi.com\/view\/QJBt7wuGDali1bnwsOZV\/\">Decisiones que aportan a la mejora continua &#8211; Gabriela Andretich<\/a><\/p>\n<p><a href=\"https:\/\/planeamiento.udelar.edu.uy\/portal\/wp-content\/uploads\/sites\/33\/2024\/10\/Presentacion-EVI-AUGM-Articulacion-estrategica-UNL-octubre-2024.pptx-Natalia-Diaz.pdf\">El planeamiento en la UNL: una pol\u00edtica de articulaci\u00f3n estrat\u00e9gica &#8211; Natalia Diaz <\/a><\/p>\n<p><a href=\"https:\/\/planeamiento.udelar.edu.uy\/portal\/wp-content\/uploads\/sites\/33\/2024\/10\/Plan-Estrategico-Mariano-Garate.pdf\">Planificaci\u00f3n estrat\u00e9gica en la Facultad de Ciencias Veterinarias de la UNR &#8211; Mariano Garate <\/a><\/p>\n<p><a href=\"https:\/\/planeamiento.udelar.edu.uy\/portal\/wp-content\/uploads\/sites\/33\/2024\/10\/Presentacion-Oli-UNSL-extendida.pdf\">Sistematizaci\u00f3n de la Extensi\u00f3n Universitaria para la planificaci\u00f3n estrat\u00e9gica &#8211; Olinda Gagliardi<\/a><\/p>\n<p><a href=\"https:\/\/planeamiento.udelar.edu.uy\/portal\/wp-content\/uploads\/sites\/33\/2024\/10\/SlidesAUGM_2024_10_01_TrabajoConjuntoConINEP_CestadeIndicadores-Fernando-Pires.pdf\">Trabajo conjunto con el INEP para la elaboraci\u00f3n de cesta de indicadores &#8211; Fernando Pires Barbosa<\/a><\/p>\n<h3>Prospectiva en la Planificaci\u00f3n de la Educaci\u00f3n Superior<\/h3>\n<p><a href=\"https:\/\/planeamiento.udelar.edu.uy\/portal\/wp-content\/uploads\/sites\/33\/2024\/10\/Prospectiva.pdf.pdf\">Universidad y Prospectiva &#8211; Gabriela Pintos &#8211; In\u00e9s Vazquez<\/a><\/p>\n<h4>Bibliograf\u00eda\u00a0<\/h4>\n<p><a href=\"https:\/\/planeamiento.udelar.edu.uy\/portal\/wp-content\/uploads\/sites\/33\/2024\/09\/PEDI_2020-2030-UNNE-1.pdf\">Plan Estrat\u00e9gico de Desarrollo Institucional 2020 &#8211; 2030 UNNE<\/a><\/p>\n<p><a href=\"https:\/\/planeamiento.udelar.edu.uy\/portal\/wp-content\/uploads\/sites\/33\/2024\/09\/Plan-Estrategico-de-Desarrollo-2020-2024_-Udelar.pdf\">Plan de desarrollo estrat\u00e9gico de la Universidad de la Rep\u00fablica 2020-2024<\/a><\/p>\n<p><a href=\"https:\/\/planeamiento.udelar.edu.uy\/portal\/wp-content\/uploads\/sites\/33\/2024\/09\/Plano-de-desenvolvimento-Institucional-2016-2026-UFSM.pdf\">Plano de desenvolvimento Institucional 2016-2026 UFSM<\/a><\/p>\n<p><a href=\"https:\/\/planeamiento.udelar.edu.uy\/portal\/wp-content\/uploads\/sites\/33\/2024\/09\/Plan-Institucional-Estrategico-UNL.pdf\">Plan Institucional Estrat\u00e9gico UNL<\/a><\/p>\n<p><a href=\"https:\/\/2030.unr.edu.ar\/\">Plan Estrat\u00e9gico Universidad Nacional de Rosario<\/a><\/p>\n<p><a href=\"http:\/\/acreditacion.unsl.edu.ar\/pdi\/\">Plan de Desarrollo Institucional\u00a0\u00a02019 \u2013 2030 Universidad Nacional de San Luis<\/a><\/p>\n<p class=\"elementor-heading-title elementor-size-default\"><a href=\"https:\/\/pip.uner.edu.ar\/\">Plan Institucional Participativo UNER<\/a><\/p>\n<h2>Grabaciones<\/h2>\n<h3>Planificaci\u00f3n estrat\u00e9gica en las universidades p\u00fablicas y planes de mejora<\/h3>\n<h4>Planeamiento estrat\u00e9gico en la Universidad, desaf\u00edos y dilemas &#8211; Jorge Xavier<\/h4>\n<p><iframe loading=\"lazy\" title=\"YouTube video player\" src=\"https:\/\/www.youtube.com\/embed\/wnjJskKAcB8?si=_JM_4otomIgd-36C\" width=\"560\" height=\"315\" frameborder=\"0\" allowfullscreen=\"allowfullscreen\"><\/iframe>\u00a0<\/p>\n<h4>Decisiones que aportan a la mejora continua &#8211; Gabriela Andretich<\/h4>\n<p><iframe loading=\"lazy\" title=\"YouTube video player\" src=\"https:\/\/www.youtube.com\/embed\/WhWcA1qZ_l4?si=XS-517JM3-3GQCwD\" width=\"560\" height=\"315\" frameborder=\"0\" allowfullscreen=\"allowfullscreen\"><\/iframe>\u00a0<\/p>\n<h4>El planeamiento en la UNL: Una pol\u00edtica de articulaci\u00f3n estrat\u00e9gica &#8211; Natalia D\u00edaz<\/h4>\n<p><iframe loading=\"lazy\" title=\"YouTube video player\" src=\"https:\/\/www.youtube.com\/embed\/QyNUxLERNkA?si=UaQZqifKAAETQFY7\" width=\"560\" height=\"315\" frameborder=\"0\" allowfullscreen=\"allowfullscreen\"><\/iframe>\u00a0<\/p>\n<h4>Planificaci\u00f3n estrat\u00e9gica en la Facultad de Ciencias Veterinarias de la UNR &#8211; Mariano Garate<\/h4>\n<p><iframe loading=\"lazy\" title=\"YouTube video player\" src=\"https:\/\/www.youtube.com\/embed\/U5uX3EMktwE?si=9BnAD_MzYnX1zcL5\" width=\"560\" height=\"315\" frameborder=\"0\" allowfullscreen=\"allowfullscreen\"><\/iframe>\u00a0<\/p>\n<h4>Sistematizaci\u00f3n de la extensi\u00f3n universitaria para la planificaci\u00f3n estrat\u00e9gica &#8211; Olinda Gagliardi<\/h4>\n<p><iframe loading=\"lazy\" title=\"YouTube video player\" src=\"https:\/\/www.youtube.com\/embed\/CW7RaF9Ut0s?si=Dn6IeF6hrYGyul1a\" width=\"560\" height=\"315\" frameborder=\"0\" allowfullscreen=\"allowfullscreen\"><\/iframe>\u00a0<\/p>\n<h4>Trabajo conjunto con el INEP para la elaboraci\u00f3n de cesta de indicadores &#8211; Fernando Pires Barbosa<\/h4>\n<p><iframe loading=\"lazy\" title=\"YouTube video player\" src=\"https:\/\/www.youtube.com\/embed\/3CWqursj1Hs?si=8-U0ljiJo3qJOiQS\" width=\"560\" height=\"315\" frameborder=\"0\" allowfullscreen=\"allowfullscreen\"><\/iframe>\u00a0<\/p>\n<p><\/li><li class=\"tab-pane \" id=\"ert_pane1-3\"><br \/><div class=\"post hentry ivycat-post\"><span class=\"pip-not-found\"><\/span><\/div><\/p>\n<h2>Presentaciones del d\u00eda<\/h2>\n<h3>Panel: Autonom\u00eda y control<\/h3>\n<p><a href=\"https:\/\/planeamiento.udelar.edu.uy\/portal\/wp-content\/uploads\/sites\/33\/2024\/10\/AUGM-Encuesta-Carmen-Chiaradonna.pdf\">Encuesta Asociaci\u00f3n de Universidades Grupo Montevideo &#8211; Carmen Chiaradonna<\/a><\/p>\n<p><a href=\"https:\/\/planeamiento.udelar.edu.uy\/portal\/wp-content\/uploads\/sites\/33\/2024\/10\/PRESENTACION-ANABEL-RUBIO-UNQ.pdf\">Autonom\u00eda y control: Un desaf\u00edo constante &#8211; Anabel Rubio<\/a><\/p>\n<p><a href=\"https:\/\/planeamiento.udelar.edu.uy\/portal\/wp-content\/uploads\/sites\/33\/2024\/10\/Presentacion-autonomia-y-control-AUGM-octubre-2024.final-Mariana-Gulla.pdf\">Autonom\u00eda y control de las universidades p\u00fablicas en Uruguay &#8211; Mariana Gulla<\/a><\/p>\n<p><a href=\"https:\/\/planeamiento.udelar.edu.uy\/portal\/wp-content\/uploads\/sites\/33\/2024\/10\/La-aplicacion-de-Normas-Globales-de-Auditoria-Interna.pdf\">La aplicaci\u00f3n de Normas Globales de Auditor\u00eda Interna &#8211; Laura S\u00e1nchez<\/a><\/p>\n<p><a href=\"https:\/\/planeamiento.udelar.edu.uy\/portal\/wp-content\/uploads\/sites\/33\/2024\/10\/Presentacion-02oct-JUAN-RAMON-KAMLOFSKY.pdf\">Auditor\u00eda Interna y su contribuci\u00f3n a los procesos de planificaci\u00f3n estrat\u00e9gica y al aseguramiento de la calidad en las Universidades P\u00fablicas &#8211; Juan Ram\u00f3n Kamlofsky<\/a><\/p>\n<p><a href=\"https:\/\/planeamiento.udelar.edu.uy\/portal\/wp-content\/uploads\/sites\/33\/2024\/10\/Presentacion-Mgtr.-CPN-FRANCISCO-SOSA-UNSL-26-09-2024-FRANCISCO-SOSA.pdf\">Principios, \u00e9tica y valores &#8211; Francisco Sosa<\/a><\/p>\n<h4>Bibliograf\u00eda\u00a0<\/h4>\n<p><a href=\"https:\/\/planeamiento.udelar.edu.uy\/portal\/wp-content\/uploads\/sites\/33\/2024\/09\/intosai_gov_9130s.pdf\">Gu\u00eda para las Normas del Control Interno del Sector P\u00fablico &#8211; INTOSAI<\/a><\/p>\n<h2>Grabaciones<\/h2>\n<h3>Panel: Autonom\u00eda y control<\/h3>\n<h4>Carmen Chiaradonna y Anabel Rubio<\/h4>\n<p><iframe loading=\"lazy\" title=\"YouTube video player\" src=\"https:\/\/www.youtube.com\/embed\/TbVu9GuqNw8?si=I8RAAB0vY8Z0hp_m\" width=\"560\" height=\"315\" frameborder=\"0\" allowfullscreen=\"allowfullscreen\"><\/iframe><\/p>\n<h4>Auditoria Interna UFSM &#8211; Iv\u00e1n Henrique Vey<\/h4>\n<p><iframe loading=\"lazy\" title=\"YouTube video player\" src=\"https:\/\/www.youtube.com\/embed\/U9-2d3gjIAg?si=-ayLNhqW_D-x5IjX\" width=\"560\" height=\"315\" frameborder=\"0\" allowfullscreen=\"allowfullscreen\"><\/iframe><\/p>\n<h4>Autonom\u00eda y control de las universidades p\u00fablicas en Uruguay &#8211; Mariana Gulla<\/h4>\n<p><iframe loading=\"lazy\" title=\"YouTube video player\" src=\"https:\/\/www.youtube.com\/embed\/52ucHyxVo8M?si=f8VitnRbgStNPndW\" width=\"560\" height=\"315\" frameborder=\"0\" allowfullscreen=\"allowfullscreen\"><\/iframe>\u00a0<\/p>\n<h4>La aplicaci\u00f3n de Normas Globales de Auditor\u00eda Interna en el marco de la autonom\u00eda universitaria &#8211; Laura Marilina S\u00e1nchez<\/h4>\n<p><iframe loading=\"lazy\" title=\"YouTube video player\" src=\"https:\/\/www.youtube.com\/embed\/dXfUwezYQv4?si=u-kT803F62TgTq3Q\" width=\"560\" height=\"315\" frameborder=\"0\" allowfullscreen=\"allowfullscreen\"><\/iframe>\u00a0<\/p>\n<h3>Procesos de auditor\u00eda y su contribuci\u00f3n al aseguramiento de la calidad en las universidades p\u00fablicas\u00a0<\/h3>\n<h4>Juan Ram\u00f3n Kamlofsky<\/h4>\n<p><iframe loading=\"lazy\" title=\"YouTube video player\" src=\"https:\/\/www.youtube.com\/embed\/zOStRxZEPzs?si=QOjtQep_4jEIibF4\" width=\"560\" height=\"315\" frameborder=\"0\" allowfullscreen=\"allowfullscreen\"><\/iframe>\u00a0<\/p>\n<h3>Principios, \u00e9tica y valores<\/h3>\n<h4>Francisco Sosa<\/h4>\n<p><iframe loading=\"lazy\" title=\"YouTube video player\" src=\"https:\/\/www.youtube.com\/embed\/QqdhcTCh8sM?si=rSPaMUDPfMQHXDGb\" width=\"560\" height=\"315\" frameborder=\"0\" allowfullscreen=\"allowfullscreen\"><\/iframe>\u00a0<\/p>\n<p>\u00a0<\/p>\n<p><\/li><li class=\"tab-pane \" id=\"ert_pane1-4\"><br \/><div class=\"post hentry ivycat-post\"><span class=\"pip-not-found\"><\/span><\/div><\/p>\n<h3>Nuevas tendencias de la evaluaci\u00f3n institucional<\/h3>\n<h4>Experiencias en las Universidades de la regi\u00f3n<\/h4>\n<p><a href=\"https:\/\/planeamiento.udelar.edu.uy\/portal\/wp-content\/uploads\/sites\/33\/2024\/10\/Marquina-Escuela-Aseguramiento-de-la-calidad-CIGU.pdf\">Nuevas Tendencias en la Evaluaci\u00f3n Institucional &#8211; M\u00f3nica Marquina<\/a><\/p>\n<p><a href=\"https:\/\/planeamiento.udelar.edu.uy\/portal\/wp-content\/uploads\/sites\/33\/2024\/10\/Presentacion_UNNE-EVI-2024-AUGM-Final.pdf\">La Unidad de Evaluaci\u00f3n y Acreditaci\u00f3n Universitaria de la UNNE (UnEAU) como estrategia institucional emergente, tendiente a la mejora permanente de la calidad &#8211; Blanca Sobol &#8211; Graciela Arga\u00f1ar\u00e1s<\/a><\/p>\n<p><a href=\"https:\/\/planeamiento.udelar.edu.uy\/portal\/wp-content\/uploads\/sites\/33\/2024\/10\/SlidesAUGM_2024_10_03_ProcessoDeEvaluacionDeLaUFSM-Fernando-Pires.pdf\">Processo de evaluaci\u00f3n de la UFSM &#8211; Fernando Pires<\/a><\/p>\n<p><a href=\"https:\/\/planeamiento.udelar.edu.uy\/portal\/wp-content\/uploads\/sites\/33\/2024\/10\/Presentacion-AUGM-UNA-03-10-2024.pdf\">Experiencias en evaluaciones institucionales, carreras de grado y postgrado Universidad Nacional de Asunci\u00f3n modelo nacional e internacional &#8211; Mar\u00eda Raquel Mart\u00ednez<\/a><\/p>\n<p><a href=\"https:\/\/planeamiento.udelar.edu.uy\/portal\/wp-content\/uploads\/sites\/33\/2024\/10\/Presentacion-Passarini-EVI-2024.pdf\">Desaf\u00edos y Perspectivas de la Evaluaci\u00f3n Institucional &#8211; Jos\u00e9 Passarini<\/a><\/p>\n<h4>Bibliograf\u00eda\u00a0<\/h4>\n<p><a href=\"https:\/\/planeamiento.udelar.edu.uy\/portal\/wp-content\/uploads\/sites\/33\/2024\/10\/Libro-Pautas-de-Evaluacion-Institucional-Udelar-2021.pdf\">Libro Pautas de Evaluaci\u00f3n Institucional Udelar 2021<\/a><\/p>\n<h2>Grabaciones<\/h2>\n<h3>Nuevas tendencias de la Evaluaci\u00f3n Institucional &#8211; Experiencias en las universidades de la regi\u00f3n.\u00a0<\/h3>\n<h4>M\u00f3nica Marquina<\/h4>\n<p><iframe loading=\"lazy\" title=\"YouTube video player\" src=\"https:\/\/www.youtube.com\/embed\/o8bBmsBJTaI?si=0ROAkF9ukgu6vgrj\" width=\"560\" height=\"315\" frameborder=\"0\" allowfullscreen=\"allowfullscreen\"><\/iframe>\u00a0<\/p>\n<h4>La unidad de evaluaci\u00f3n y acreditaci\u00f3n universitaria de la UNNE como estrategia institucional emergente para la mejora de la calidad &#8211; Blanca Sobol y Graciela Arga\u00f1aras Janus<\/h4>\n<p><iframe loading=\"lazy\" title=\"YouTube video player\" src=\"https:\/\/www.youtube.com\/embed\/aNff3s2489Q?si=5EqP0hqt2BOjlPWH\" width=\"560\" height=\"315\" frameborder=\"0\" allowfullscreen=\"allowfullscreen\"><\/iframe>\u00a0<\/p>\n<h4>Proceso de evaluaci\u00f3n de la UFSM &#8211; Fernando Pires Barbosa<\/h4>\n<p><iframe loading=\"lazy\" title=\"YouTube video player\" src=\"https:\/\/www.youtube.com\/embed\/Mii2wvdNHDk?si=jJgpvtTKkqPttX59\" width=\"560\" height=\"315\" frameborder=\"0\" allowfullscreen=\"allowfullscreen\"><\/iframe>\u00a0<\/p>\n<h4>Experiencias en evaluaciones institucionales, carrera de grado y posgrado de la UNA, modelo nacional e internacional &#8211; Mar\u00eda Raquel Mart\u00ednez<\/h4>\n<p><iframe loading=\"lazy\" title=\"YouTube video player\" src=\"https:\/\/www.youtube.com\/embed\/xHprMuvq2pI?si=iSCeNt7trLwQXtSP\" width=\"560\" height=\"315\" frameborder=\"0\" allowfullscreen=\"allowfullscreen\"><\/iframe>\u00a0<\/p>\n<h4>Desaf\u00edos y perspectivas de la Evaluaci\u00f3n Institucional &#8211; Jos\u00e9 Passarini<\/h4>\n<p>\u00a0<iframe loading=\"lazy\" title=\"YouTube video player\" src=\"https:\/\/www.youtube.com\/embed\/yg4t3javuDo?si=SM7NwCz_fd3KYY7k\" width=\"560\" height=\"315\" frameborder=\"0\" allowfullscreen=\"allowfullscreen\"><\/iframe><\/p>\n<p>\u00a0<\/p>\n<p><\/li><li class=\"tab-pane \" id=\"ert_pane1-5\"><br \/><div class=\"post hentry ivycat-post\"><span class=\"pip-not-found\"><\/span><\/div><\/p>\n<h3>Universidad, innovaci\u00f3n y desarrollo<\/h3>\n<h4>Conferencia: Universidad, innovaci\u00f3n y desarrollo. En b\u00fasqueda de la solidaridad eficiente &#8211; Rodrigo Arocena<\/h4>\n<p><iframe loading=\"lazy\" title=\"YouTube video player\" src=\"https:\/\/www.youtube.com\/embed\/f_oLA0LG8Jg?si=gtav167rHnpzcn3e\" width=\"560\" height=\"315\" frameborder=\"0\" allowfullscreen=\"allowfullscreen\"><\/iframe><\/p>\n<p>\u00a0<\/p>\n<h4>Bibliograf\u00eda\u00a0<\/h4>\n<p><a href=\"https:\/\/planeamiento.udelar.edu.uy\/portal\/wp-content\/uploads\/sites\/33\/2024\/09\/Doc-Trabajo-No-7-Agosto-2024-RA-1.pdf\">Sobre las nuevas derechas, las ideas pol\u00edticas y la cuesti\u00f3n del desarrollo &#8211; Rodrigo Arocena<\/a><\/p>\n<p><\/li><\/ul><\/div><\/div>\n","protected":false},"excerpt":{"rendered":"","protected":false},"author":45,"featured_media":0,"parent":0,"menu_order":0,"comment_status":"closed","ping_status":"closed","template":"","meta":{"footnotes":""},"class_list":["post-21762","page","type-page","status-publish","hentry"],"jetpack_sharing_enabled":true,"_links":{"self":[{"href":"https:\/\/planeamiento.udelar.edu.uy\/portal\/wp-json\/wp\/v2\/pages\/21762","targetHints":{"allow":["GET"]}}],"collection":[{"href":"https:\/\/planeamiento.udelar.edu.uy\/portal\/wp-json\/wp\/v2\/pages"}],"about":[{"href":"https:\/\/planeamiento.udelar.edu.uy\/portal\/wp-json\/wp\/v2\/types\/page"}],"author":[{"embeddable":true,"href":"https:\/\/planeamiento.udelar.edu.uy\/portal\/wp-json\/wp\/v2\/users\/45"}],"replies":[{"embeddable":true,"href":"https:\/\/planeamiento.udelar.edu.uy\/portal\/wp-json\/wp\/v2\/comments?post=21762"}],"version-history":[{"count":50,"href":"https:\/\/planeamiento.udelar.edu.uy\/portal\/wp-json\/wp\/v2\/pages\/21762\/revisions"}],"predecessor-version":[{"id":22457,"href":"https:\/\/planeamiento.udelar.edu.uy\/portal\/wp-json\/wp\/v2\/pages\/21762\/revisions\/22457"}],"wp:attachment":[{"href":"https:\/\/planeamiento.udelar.edu.uy\/portal\/wp-json\/wp\/v2\/media?parent=21762"}],"curies":[{"name":"wp","href":"https:\/\/api.w.org\/{rel}","templated":true}]}}