{"id":35,"date":"2013-03-21T14:28:12","date_gmt":"2013-03-21T14:28:12","guid":{"rendered":"http:\/\/gestion.udelar.edu.uy\/planeamientodesarrollo2019\/?page_id=35"},"modified":"2020-10-29T10:09:21","modified_gmt":"2020-10-29T13:09:21","slug":"estudiantes-de-grado","status":"publish","type":"page","link":"https:\/\/planeamiento.udelar.edu.uy\/portal\/estudiantes\/estudiantes-de-grado\/","title":{"rendered":"Estudiantes de Grado"},"content":{"rendered":"<p>Es aquel estudiante que est\u00e1 inscripto en alguna carrera comprendida en los niveles de formaci\u00f3n y tipos de certificaciones contemplados en la ordenanza de grado.<\/p>\n<p>La ordenanza se aplica al conjunto de las formaciones universitarias terciarias y de grado impartidas por la Universidad de la Rep\u00fablica, definidas en el art\u00edculo 2:<\/p>\n<ul>\n<li>Carreras de 4 a\u00f1os lectivos o m\u00e1s con un m\u00ednimo de 2400 horas o 320 cr\u00e9ditos que otorgan el t\u00edtulo de Licenciado o t\u00edtulo profesional equivalente y pueden incluir titulaciones intermedias.<\/li>\n<li>Carreras entre 2 y 3 a\u00f1os lectivos con un m\u00ednimo de 1200 horas o 160 cr\u00e9ditos que otorgan t\u00edtulos de T\u00e9cnico o Tecn\u00f3logo.<\/li>\n<li>Ciclos Iniciales Optativos o programas equivalentes que otorgan una certificaci\u00f3n espec\u00edfica que habilita el acceso a un amplio campo de formaci\u00f3n.<\/li>\n<li>Otras modalidades de formaci\u00f3n y certificaci\u00f3n de conocimientos que el Consejo Directivo Central determine, particularmente las que surjan del proceso de ampliaci\u00f3n, diversificaci\u00f3n, flexibilizaci\u00f3n y articulaci\u00f3n de la ense\u00f1anza universitaria y terciaria p\u00fablica nacional.<\/li>\n<\/ul>\n<p><a href=\"http:\/\/planeamiento.udelar.edu.uy\/wp-content\/uploads\/sites\/33\/2018\/05\/ordenanza_de_estudios_de_grado_udelar_2011.pdf\">Ordenanza de estudios de grado y otros programas de formaci\u00f3n terciaria<\/a><\/p>\n<p><a title=\"Oferta Carreras de Grado\" href=\"https:\/\/udelar.edu.uy\/portal\/ensenanza\/carreras-de-grado\/\" target=\"_blank\" rel=\"noopener noreferrer\">Oferta Carreras de Grado<\/a><\/p>\n","protected":false},"excerpt":{"rendered":"<p>Es aquel estudiante que est\u00e1 inscripto en alguna carrera comprendida en los niveles de formaci\u00f3n y tipos de certificaciones contemplados en la ordenanza de grado. La ordenanza se aplica al &hellip;<\/p>\n","protected":false},"author":1,"featured_media":0,"parent":17,"menu_order":1,"comment_status":"closed","ping_status":"closed","template":"","meta":{"footnotes":""},"class_list":["post-35","page","type-page","status-publish","hentry"],"jetpack_sharing_enabled":true,"_links":{"self":[{"href":"https:\/\/planeamiento.udelar.edu.uy\/portal\/wp-json\/wp\/v2\/pages\/35","targetHints":{"allow":["GET"]}}],"collection":[{"href":"https:\/\/planeamiento.udelar.edu.uy\/portal\/wp-json\/wp\/v2\/pages"}],"about":[{"href":"https:\/\/planeamiento.udelar.edu.uy\/portal\/wp-json\/wp\/v2\/types\/page"}],"author":[{"embeddable":true,"href":"https:\/\/planeamiento.udelar.edu.uy\/portal\/wp-json\/wp\/v2\/users\/1"}],"replies":[{"embeddable":true,"href":"https:\/\/planeamiento.udelar.edu.uy\/portal\/wp-json\/wp\/v2\/comments?post=35"}],"version-history":[{"count":7,"href":"https:\/\/planeamiento.udelar.edu.uy\/portal\/wp-json\/wp\/v2\/pages\/35\/revisions"}],"predecessor-version":[{"id":13876,"href":"https:\/\/planeamiento.udelar.edu.uy\/portal\/wp-json\/wp\/v2\/pages\/35\/revisions\/13876"}],"up":[{"embeddable":true,"href":"https:\/\/planeamiento.udelar.edu.uy\/portal\/wp-json\/wp\/v2\/pages\/17"}],"wp:attachment":[{"href":"https:\/\/planeamiento.udelar.edu.uy\/portal\/wp-json\/wp\/v2\/media?parent=35"}],"curies":[{"name":"wp","href":"https:\/\/api.w.org\/{rel}","templated":true}]}}