{"id":3716,"date":"2015-05-08T12:30:26","date_gmt":"2015-05-08T12:30:26","guid":{"rendered":"http:\/\/gestion.udelar.edu.uy\/planeamientodesarrollo2019\/?page_id=3716"},"modified":"2021-04-05T13:22:47","modified_gmt":"2021-04-05T16:22:47","slug":"presupuesto-quinquenal-2015-2019","status":"publish","type":"page","link":"https:\/\/planeamiento.udelar.edu.uy\/portal\/presupuesto\/presupuesto-quinquenal-2015-2019\/","title":{"rendered":"Presupuesto Quinquenal 2015-2019"},"content":{"rendered":"<p>Documento promulgado por el Poder Ejecutivo &#8211; 19.12.2015<br \/>\n<a href=\"https:\/\/www.impo.com.uy\/bases\/leyes\/19355-2015\">Ley N\u00ba 19.355<\/a><\/p>\n<p>Documento aprobado por la C\u00e1mara de Representantes &#8211; 15.10.2015<br \/>\n<a href=\"http:\/\/planeamiento.udelar.edu.uy\/wp-content\/uploads\/sites\/33\/2015\/05\/Proyecto-Presupuesto-Nacional-Aprobado-por-la-C\u00e1mara-Representantes-15.10.2015.pdf\">Proyecto Presupuesto Nacional<\/a><\/p>\n<p>An\u00e1lisis del Proyecto de Diputados para la UdelaR<br \/>\n<a href=\"http:\/\/planeamiento.udelar.edu.uy\/wp-content\/uploads\/sites\/33\/2015\/05\/Informe-DGPLAN-Proyecto-Diputados-2015-2019-22.10.2015.pdf\">Informe DGPlan Proyecto Diputados 2015-2019 \u2013 22.10.2015<\/a><\/p>\n<p>Documento presentado a la Asamblea General, MEF, CGN, OPP y Tribunal de Cuentas &#8211; 31.08.2015<br \/>\n<a href=\"http:\/\/planeamiento.udelar.edu.uy\/wp-content\/uploads\/sites\/33\/2015\/05\/1.Plan-Estrat\u00e9gico-de-Desarrollo-2015-2019-Universidad-de-la-Rep\u00fablica.pdf\">Plan Estrat\u00e9gico de Desarrollo 2015 &#8211; 2019 &#8211; Universidad de la Rep\u00fablica<\/a><\/p>\n<p>An\u00e1lisis del Proyecto del Poder Ejecutivo para la UdelaR<br \/>\n<a href=\"http:\/\/planeamiento.udelar.edu.uy\/wp-content\/uploads\/sites\/33\/2015\/05\/Informe-DGPlan-Proyecto-Poder-Ejecutivo-2015-2019-1.09.2015.pdf\">Informe DGPlan Proyecto Poder Ejecutivo 2015-2019 &#8211; 1.09.2015<\/a><a href=\"http:\/\/planeamiento.udelar.edu.uy\/wp-content\/uploads\/sites\/33\/2015\/05\/Asignaciones-incrementales-por-inciso-Proyecto-Poder-Ejecutivo-2015-2019.pdf\"><br \/>\n<\/a><a href=\"http:\/\/planeamiento.udelar.edu.uy\/wp-content\/uploads\/sites\/33\/2015\/05\/Comparativo-Solicitud-UdelaR-y-PE-por-Proy.Transv.-y-por-a\u00f1o.pdf\">Comparativo Solicitud UdelaR y PE por Proy.Transv. y por a\u00f1o<\/a><a href=\"http:\/\/planeamiento.udelar.edu.uy\/wp-content\/uploads\/sites\/33\/2015\/05\/Asignaciones-incrementales-por-inciso-Proyecto-Poder-Ejecutivo-2015-2019.pdf\"><strong><br \/>\n<\/strong><\/a><a href=\"http:\/\/planeamiento.udelar.edu.uy\/wp-content\/uploads\/sites\/33\/2015\/05\/Resoluci\u00f3n-CDC-01.09.15.pdf\">Resoluci\u00f3n CDC 01.09.15<\/a><br \/>\n<a href=\"http:\/\/planeamiento.udelar.edu.uy\/wp-content\/uploads\/sites\/33\/2015\/05\/Asignaciones-incrementales-por-inciso-Proyecto-Poder-Ejecutivo-2015-2019.pdf\">Asignaciones incrementales por inciso Proyecto Poder Ejecutivo 2015-2019<\/a><br \/>\n<a href=\"http:\/\/planeamiento.udelar.edu.uy\/wp-content\/uploads\/sites\/33\/2015\/05\/ANEP-UdelaR-UTEC.pdf\">ANEP UdelaR UTEC<\/a> <strong><br \/>\n<\/strong><a href=\"http:\/\/planeamiento.udelar.edu.uy\/wp-content\/uploads\/sites\/33\/2015\/05\/CYT-y-Salud.pdf\">CYT y Salud<\/a><\/p>\n<div class=\"osc-res-tab tabbable   osc-tabs-left\"><div style=\"clear:both;width: 100%;\"><ul class=\"nav osc-res-nav nav-tabs osc-tabs-left-ul\" id=\"oscitas-restabs-1-presupuesto-quinquenal-2015-2019-76282\"><li class=\"active\"><a href=\"#ert_pane1-0\" data-toggle=\"tab\">AVANCES<\/a><\/li><li class=\"\"><a href=\"#ert_pane1-1\" data-toggle=\"tab\">PROPUESTAS RECIBIDAS<\/a><\/li><\/ul><\/div><div style=\"clear:both;width: 100%;\"><ul class=\"tab-content\" id=\"oscitas-restabcontent-1-presupuesto-quinquenal-2015-2019-76282\"><li class=\"tab-pane active\" id=\"ert_pane1-0\"><\/p>\n<p>Se presentan las resoluciones y documentos\u00a0 aprobados en relaci\u00f3n a la elaboraci\u00f3n del Presupuesto Quinquenal 2015-2019.<\/p>\n<ul>\n<li><a href=\"http:\/\/planeamiento.udelar.edu.uy\/wp-content\/uploads\/sites\/33\/2015\/05\/1.Lineamientos-generales-y-espec\u00edficos-Res.N\u00ba7-CDC-4.11.2014.pdf\">Lineamientos generales y espec\u00edficos &#8211; Res.N\u00ba7 CDC 4.11.2014<\/a><\/li>\n<li><a href=\"http:\/\/planeamiento.udelar.edu.uy\/wp-content\/uploads\/sites\/33\/2015\/05\/2.Programas-presupuestales-Res.N\u00b05-CDC-24.03.2015.pdf\">Programas presupuestales &#8211; Res.N\u00b05 CDC 24.03.2015<\/a><\/li>\n<li><a href=\"http:\/\/planeamiento.udelar.edu.uy\/wp-content\/uploads\/sites\/33\/2015\/05\/3.Esquema-tentativo-para-la-Elaboraci\u00f3n-del-Plan-Quinquenal-R.12-CDC-2.12.2014.pdf\">Esquema tentativo para la Elaboraci\u00f3n del Plan Quinquenal &#8211; Res.N\u00ba12 CDC 2.12.2014<\/a><\/li>\n<li><a href=\"http:\/\/planeamiento.udelar.edu.uy\/wp-content\/uploads\/sites\/33\/2015\/05\/4.Negociaci\u00f3n-Colectiva-Salarial-R.N\u00b046-CDC-de-25.11.14.pdf\">Negociaci\u00f3n Colectiva Salarial &#8211; Res.N\u00b046 CDC de 25.11.2014<\/a><\/li>\n<li><a href=\"http:\/\/planeamiento.udelar.edu.uy\/wp-content\/uploads\/sites\/33\/2015\/05\/5.Cronograma-y-propuestas-de-trabajo-Presup.Quinq_.Aprobado-CPP-6.04.15.pdf\">Cronograma y propuestas de trabajo Presupuesto Quinquenal Aprobado CPP 6.04.15<\/a><\/li>\n<li><a href=\"http:\/\/planeamiento.udelar.edu.uy\/wp-content\/uploads\/sites\/33\/2015\/05\/7.-Res.4-CDC-6.06.2015-Objetivos-Estrat\u00e9gicos.pdf\">Objetivos Estrat\u00e9gicos &#8211; Res.N\u00ba4 CDC 6.06.2015<\/a><\/li>\n<li><a href=\"http:\/\/planeamiento.udelar.edu.uy\/wp-content\/uploads\/sites\/33\/2015\/05\/Jornadas-Planeam.-Estrat\u00e9g.Inform.y-Evaluac.8.-Res.3-CDC-6.06.2015-.pdf\">Jornadas de Planeamiento Estrat\u00e9gico Informaci\u00f3n y Evaluaci\u00f3n &#8211; Res.N\u00ba3 CDC 6.06.2015<\/a><\/li>\n<li><a href=\"http:\/\/planeamiento.udelar.edu.uy\/wp-content\/uploads\/sites\/33\/2015\/05\/Preacuerdo-Negociaci\u00f3n-Colectiva-Res.N\u00ba10-CDC-9.06.15.pdf\">Preacuerdo Salarial en el \u00e1mbito de la Negociaci\u00f3n Colectiva &#8211; Res.N\u00ba10 CDC 9.06.15<\/a><\/li>\n<li><a href=\"http:\/\/planeamiento.udelar.edu.uy\/wp-content\/uploads\/sites\/33\/2015\/05\/Misi\u00f3nVisi\u00f3n-Ob.-Estrat\u00e9g.-Solicitud-Increm.-Acuerdo-Salarial-Res.N\u00b06-CDC-7.07.2015.pdf\">Misi\u00f3n,Visi\u00f3n Ob. Estrat\u00e9g. Solicitud Increm. Acuerdo Salarial &#8211; Res.N\u00b06 CDC 7.07.2015<\/a><\/li>\n<li><a href=\"http:\/\/planeamiento.udelar.edu.uy\/wp-content\/uploads\/sites\/33\/2015\/05\/MISI\u00d3N-Udelar-Res.-N\u00b06-CDC-7.07.2015.pdf\">MISI\u00d3N Udelar &#8211; Res.N\u00b06 CDC 7.07.2015<\/a><\/li>\n<li><a href=\"http:\/\/planeamiento.udelar.edu.uy\/wp-content\/uploads\/sites\/33\/2015\/05\/VISION-Udelar-Res.-N\u00b06-CDC-7.07.2015.pdf\">VISION Udelar &#8211; Res.N\u00b06 CDC 7.07.2015<\/a><\/li>\n<li><a href=\"http:\/\/planeamiento.udelar.edu.uy\/wp-content\/uploads\/sites\/33\/2015\/05\/Objetivos-Estrat\u00e9gicos-Res.N\u00b06-CDC-7.07.2015.pdf\">Objetivos Estrat\u00e9gicos &#8211; Res.N\u00b06 CDC 7.07.2015<\/a><\/li>\n<li><a href=\"http:\/\/planeamiento.udelar.edu.uy\/wp-content\/uploads\/sites\/33\/2015\/05\/Acuerdo-Salarial-25.06.2015-Res.-N\u00b06-CDC-7.07.2015.pdf\">Acuerdo Salarial 25.06.2015 &#8211; Res.N\u00b06 CDC 7.07.2015<\/a><\/li>\n<li><a href=\"http:\/\/planeamiento.udelar.edu.uy\/wp-content\/uploads\/sites\/33\/2015\/05\/Plan-2015-2019-UdelaR-Fundamentaci\u00f3n-Sint\u00e9tica-31.07.15.pdf\">Plan 2015-2019 UdelaR &#8211; Fundamentaci\u00f3n Sint\u00e9tica 31.07.15<\/a><\/li>\n<li><a href=\"http:\/\/planeamiento.udelar.edu.uy\/wp-content\/uploads\/sites\/33\/2015\/05\/Plan-Quinquenal-2015-2019-Res.N\u00b01-CDC-28.07.2015.pdf\">Plan Quinquenal 2015-2019 &#8211; Res.N\u00b01 CDC 28.07.2015<\/a><\/li>\n<\/ul>\n<p><\/li><li class=\"tab-pane \" id=\"ert_pane1-1\"><\/p>\n<p>Se presentan las propuestas recibidas de Servicios, Comisiones, \u00d3rdenes y Gremios en relaci\u00f3n a la elaboraci\u00f3n del Presupuesto Quinquenal 2015-2019.<\/p>\n<ul>\n<li><a href=\"http:\/\/planeamiento.udelar.edu.uy\/wp-content\/uploads\/sites\/33\/2015\/05\/1.Misi\u00f3n-y-Visi\u00f3n-Servicios-universitarios-02.06.2015.xls\">Misi\u00f3n y Visi\u00f3n Servicios universitarios 02.06.2015<\/a><\/li>\n<li><a href=\"http:\/\/planeamiento.udelar.edu.uy\/wp-content\/uploads\/sites\/33\/2015\/05\/2.-Propuestas-Recibidas-Servicios-Comisiones-ProRectorados-2.06.2015.xls\">Propuestas Recibidas Servicios, Comisiones, ProRectorados 2.06.2015<\/a><\/li>\n<li><a href=\"http:\/\/planeamiento.udelar.edu.uy\/wp-content\/uploads\/sites\/33\/2015\/05\/3.1-Propuestas-Generales-Ense\u00f1anza-2.6.2015.xls\">Propuestas Generales &#8211; Ense\u00f1anza 2.6.2015<\/a><\/li>\n<li><a href=\"http:\/\/planeamiento.udelar.edu.uy\/wp-content\/uploads\/sites\/33\/2015\/05\/3.2-Propuestas-Generales-Extensi\u00f3n-2.06.2015.xls\">Propuestas Generales &#8211; Extensi\u00f3n 2.06.2015<\/a><\/li>\n<li><a href=\"http:\/\/planeamiento.udelar.edu.uy\/wp-content\/uploads\/sites\/33\/2015\/05\/3.3-Propuestas-Generales-Investigaci\u00f3n-2.06.2015.xls\">Propuestas Generales &#8211; Investigaci\u00f3n 2.06.2015<\/a><\/li>\n<li><a href=\"http:\/\/planeamiento.udelar.edu.uy\/wp-content\/uploads\/sites\/33\/2015\/05\/3.4-Propuestas-Generales-Gesti\u00f3n-2.06.15.xls\">Propuestas Generales &#8211; Gesti\u00f3n 2.06.15<\/a><\/li>\n<li><a href=\"http:\/\/planeamiento.udelar.edu.uy\/wp-content\/uploads\/sites\/33\/2015\/05\/3.5-Propuestas-Generales-Salud-2.06.2015.xls\">Propuestas Generales &#8211; Salud 2.06.2015<\/a><\/li>\n<li><a href=\"http:\/\/planeamiento.udelar.edu.uy\/wp-content\/uploads\/sites\/33\/2015\/05\/4.-Resumen-prioridades-de-las-\u00c1reas.pdf\">Resumen prioridades de las \u00c1reas<\/a><\/li>\n<li><a href=\"http:\/\/planeamiento.udelar.edu.uy\/wp-content\/uploads\/sites\/33\/2015\/05\/5.-Propuesta-Orden-de-Egresados-25.05.15.pdf\">Propuesta Orden de Egresados 25.05.15<\/a><\/li>\n<li><a href=\"http:\/\/planeamiento.udelar.edu.uy\/wp-content\/uploads\/sites\/33\/2015\/05\/Propuesta-del-Orden-de-Egresados-con-aportes-Orden-Estudiantil-y-Fac.Ingenier\u00eda-CPP-15.06.15.pdf\">Propuesta del Orden de Egresados con aportes Orden Estudiantil y Fac.Ingenier\u00eda &#8211; CPP 15.06.15<\/a><\/li>\n<li><a href=\"http:\/\/planeamiento.udelar.edu.uy\/wp-content\/uploads\/sites\/33\/2015\/05\/6.-Cuantific.-Plataforma-AFFUR-solicitud-Presupto.-Quinq-21.05.15.pdf\">Cuantificaci\u00f3n Plataforma AFFUR solicitud Presupuesto Quinquenal &#8211; 21.05.15<\/a><\/li>\n<li><a href=\"http:\/\/planeamiento.udelar.edu.uy\/wp-content\/uploads\/sites\/33\/2015\/05\/Programa-de-Desarrollo-de-la-Universidad-en-el-Interior-24.07.2015.pdf\">Programa de Desarrollo de la Universidad en el Interior &#8211; 24.07.2015<\/a><\/li>\n<li><a href=\"http:\/\/planeamiento.udelar.edu.uy\/wp-content\/uploads\/sites\/33\/2015\/05\/Propuesta-de-Becas-para-estudiantes-Universidad-Rectorado-CPP-13.7.2015.pdf\">Propuesta de Becas para estudiantes Universidad &#8211; Rectorado &#8211; CPP 13.7.2015<\/a><\/li>\n<li><a href=\"http:\/\/planeamiento.udelar.edu.uy\/wp-content\/uploads\/sites\/33\/2015\/05\/Plan-de-Obras-de-la-Universidad-para-el-quinquenio-2015-2019-20.07.2015.pdf\">Plan de Obras de la Universidad para el quinquenio 2015-2019 &#8211; 20.07.2015<\/a><\/li>\n<li><a href=\"http:\/\/planeamiento.udelar.edu.uy\/wp-content\/uploads\/sites\/33\/2015\/05\/Propuesta-de-la-Comisi\u00f3n-Evaluaci\u00f3n-Interna-y-Acreditaci\u00f3n-de-la-Universidad-30.4.2015.pdf\">Propuesta de la Comisi\u00f3n Evaluaci\u00f3n Interna y Acreditaci\u00f3n de la Universidad &#8211; 30.4.2015<\/a><\/li>\n<\/ul>\n<p><\/li><\/ul><\/div><\/div>\n","protected":false},"excerpt":{"rendered":"<p>Documento promulgado por el Poder Ejecutivo &#8211; 19.12.2015 Ley N\u00ba 19.355 Documento aprobado por la C\u00e1mara de Representantes &#8211; 15.10.2015 Proyecto Presupuesto Nacional An\u00e1lisis del Proyecto de Diputados para la &hellip;<\/p>\n","protected":false},"author":1,"featured_media":0,"parent":22,"menu_order":0,"comment_status":"closed","ping_status":"open","template":"","meta":{"footnotes":""},"class_list":["post-3716","page","type-page","status-publish","hentry"],"jetpack_sharing_enabled":true,"_links":{"self":[{"href":"https:\/\/planeamiento.udelar.edu.uy\/portal\/wp-json\/wp\/v2\/pages\/3716","targetHints":{"allow":["GET"]}}],"collection":[{"href":"https:\/\/planeamiento.udelar.edu.uy\/portal\/wp-json\/wp\/v2\/pages"}],"about":[{"href":"https:\/\/planeamiento.udelar.edu.uy\/portal\/wp-json\/wp\/v2\/types\/page"}],"author":[{"embeddable":true,"href":"https:\/\/planeamiento.udelar.edu.uy\/portal\/wp-json\/wp\/v2\/users\/1"}],"replies":[{"embeddable":true,"href":"https:\/\/planeamiento.udelar.edu.uy\/portal\/wp-json\/wp\/v2\/comments?post=3716"}],"version-history":[{"count":7,"href":"https:\/\/planeamiento.udelar.edu.uy\/portal\/wp-json\/wp\/v2\/pages\/3716\/revisions"}],"predecessor-version":[{"id":20334,"href":"https:\/\/planeamiento.udelar.edu.uy\/portal\/wp-json\/wp\/v2\/pages\/3716\/revisions\/20334"}],"up":[{"embeddable":true,"href":"https:\/\/planeamiento.udelar.edu.uy\/portal\/wp-json\/wp\/v2\/pages\/22"}],"wp:attachment":[{"href":"https:\/\/planeamiento.udelar.edu.uy\/portal\/wp-json\/wp\/v2\/media?parent=3716"}],"curies":[{"name":"wp","href":"https:\/\/api.w.org\/{rel}","templated":true}]}}