{"id":51,"date":"2013-04-01T13:40:53","date_gmt":"2013-04-01T13:40:53","guid":{"rendered":"http:\/\/gestion.udelar.edu.uy\/planeamientodesarrollo2019\/?page_id=51"},"modified":"2020-07-27T16:36:07","modified_gmt":"2020-07-27T19:36:07","slug":"egresados-de-posgrado","status":"publish","type":"page","link":"https:\/\/planeamiento.udelar.edu.uy\/portal\/egresados\/egresados-de-posgrado\/","title":{"rendered":"Egresados de Posgrado"},"content":{"rendered":"<p>Se entiende por n\u00famero de egresos a la cantidad de personas \u00a0que solicitaron un t\u00edtulo universitario de posgrado en un a\u00f1o determinado.<\/p>\n<div class=\"visualizer-front-container\" id=\"chart_wrapper_visualizer-10790-157714465\"><style type=\"text\/css\" name=\"visualizer-custom-css\" id=\"customcss-visualizer-10790\">.locker,.locker-loader{position:absolute;top:0;left:0;width:100%;height:100%}.locker{z-index:1000;opacity:.8;background-color:#fff;-ms-filter:\"progid:DXImageTransform.Microsoft.Alpha(Opacity=80)\";filter:alpha(opacity=80)}.locker-loader{z-index:1001;background:url(https:\/\/planeamiento.udelar.edu.uy\/portal\/wp-content\/plugins\/visualizer\/images\/ajax-loader.gif) no-repeat center center}.dt-button{display:none!important}.visualizer-front-container.visualizer-lazy-render{content-visibility: auto;}.google-visualization-controls-categoryfilter label.google-visualization-controls-label {vertical-align: middle;}.google-visualization-controls-categoryfilter li.goog-inline-block {margin: 0 0.2em;}.google-visualization-controls-categoryfilter li {padding: 0 0.2em;}.visualizer-front-container .dataTables_scrollHeadInner{margin: 0 auto;}<\/style><div id=\"visualizer-10790-157714465\" class=\"visualizer-front  visualizer-front-10790\"><\/div><!-- Not showing structured data for chart 10790 because description is empty --><\/div>\n<p><span style=\"font-size: 8pt;\"><strong>Fuente<\/strong>: Sistema de Gesti\u00f3n Administrativa de la Ense\u00f1anza (SGAE) y bedel\u00edas de los servicios universitarios<\/span><\/p>\n<p><strong><span style=\"font-size: 14pt;\">Serie de egresos<\/span><\/strong><\/p>\n\n<!-- NOTE: If you need to make changes to this file, copy it to your current theme's main\n\tdirectory so your changes won't be overwritten when the plugin is upgraded. -->\n\n<!-- Post Wrap Start-->\n<div class=\"post hentry ivycat-post\">\n\n    <!-- \tThis outputs the post TITLE -->\n    <h2 class=\"titulo1\"><a href=\"https:\/\/planeamiento.udelar.edu.uy\/portal\/publicacion_generica\/egresos-posgrado-serie-2007-2021\/\">Egresos de Posgrado. Serie 2007-2023<\/a><\/h2>\n\t<div class=\"tapa\">\n\t\t<a href=\"https:\/\/planeamiento.udelar.edu.uy\/portal\/publicacion_generica\/egresos-posgrado-serie-2007-2021\/\">\n\t\t\t\t\t<\/a>\n\t<\/div>\n\n    <!-- \tThis outputs the post EXCERPT.  To display full content including images and html,\n\t\treplace the_excerpt(); with the_content();  below. -->\n    <div class=\"entry-summary\">\n\t\t\t\t\n    <\/div>\n\t<hr>\n\t<br>\n    <!--\tThis outputs the post META information -->\n\t<\/div>\n<!-- \/\/ Post Wrap End -->\n\n<p><span style=\"font-size: 14pt;\"><strong>Egresos seg\u00fan Servicio y Carrera<\/strong><\/span><\/p>\n\n<!-- NOTE: If you need to make changes to this file, copy it to your current theme's main\n\tdirectory so your changes won't be overwritten when the plugin is upgraded. -->\n\n<!-- Post Wrap Start-->\n<div class=\"post hentry ivycat-post\">\n\n    <!-- \tThis outputs the post TITLE -->\n    <h2 class=\"titulo1\"><a href=\"https:\/\/planeamiento.udelar.edu.uy\/portal\/publicacion_generica\/egresos-segun-area-servicio-y-carrera-por-sexo-2023\/\">Egresos seg\u00fan \u00c1rea, Servicio y Carrera por Sexo \u2013 2023<\/a><\/h2>\n\t<div class=\"tapa\">\n\t\t<a href=\"https:\/\/planeamiento.udelar.edu.uy\/portal\/publicacion_generica\/egresos-segun-area-servicio-y-carrera-por-sexo-2023\/\">\n\t\t\t\t\t<\/a>\n\t<\/div>\n\n    <!-- \tThis outputs the post EXCERPT.  To display full content including images and html,\n\t\treplace the_excerpt(); with the_content();  below. -->\n    <div class=\"entry-summary\">\n\t\t\t\t\n    <\/div>\n\t<hr>\n\t<br>\n    <!--\tThis outputs the post META information -->\n\t<\/div>\n<!-- \/\/ Post Wrap End -->\n\n<!-- NOTE: If you need to make changes to this file, copy it to your current theme's main\n\tdirectory so your changes won't be overwritten when the plugin is upgraded. -->\n\n<!-- Post Wrap Start-->\n<div class=\"post hentry ivycat-post\">\n\n    <!-- \tThis outputs the post TITLE -->\n    <h2 class=\"titulo1\"><a href=\"https:\/\/planeamiento.udelar.edu.uy\/portal\/publicacion_generica\/egresos-segun-area-servicio-y-carrera-por-sexo-2022\/\">Egresos seg\u00fan \u00c1rea, Servicio y Carrera por Sexo \u2013 2022<\/a><\/h2>\n\t<div class=\"tapa\">\n\t\t<a href=\"https:\/\/planeamiento.udelar.edu.uy\/portal\/publicacion_generica\/egresos-segun-area-servicio-y-carrera-por-sexo-2022\/\">\n\t\t\t\t\t<\/a>\n\t<\/div>\n\n    <!-- \tThis outputs the post EXCERPT.  To display full content including images and html,\n\t\treplace the_excerpt(); with the_content();  below. -->\n    <div class=\"entry-summary\">\n\t\t\t\t\n    <\/div>\n\t<hr>\n\t<br>\n    <!--\tThis outputs the post META information -->\n\t<\/div>\n<!-- \/\/ Post Wrap End -->\n\n<!-- NOTE: If you need to make changes to this file, copy it to your current theme's main\n\tdirectory so your changes won't be overwritten when the plugin is upgraded. -->\n\n<!-- Post Wrap Start-->\n<div class=\"post hentry ivycat-post\">\n\n    <!-- \tThis outputs the post TITLE -->\n    <h2 class=\"titulo1\"><a href=\"https:\/\/planeamiento.udelar.edu.uy\/portal\/publicacion_generica\/egresos-segun-area-servicio-y-carrera-por-sexo-2021\/\">Egresos seg\u00fan \u00c1rea, Servicio y Carrera por Sexo \u2013 2021<\/a><\/h2>\n\t<div class=\"tapa\">\n\t\t<a href=\"https:\/\/planeamiento.udelar.edu.uy\/portal\/publicacion_generica\/egresos-segun-area-servicio-y-carrera-por-sexo-2021\/\">\n\t\t\t\t\t<\/a>\n\t<\/div>\n\n    <!-- \tThis outputs the post EXCERPT.  To display full content including images and html,\n\t\treplace the_excerpt(); with the_content();  below. -->\n    <div class=\"entry-summary\">\n\t\t\t\t\n    <\/div>\n\t<hr>\n\t<br>\n    <!--\tThis outputs the post META information -->\n\t<\/div>\n<!-- \/\/ Post Wrap End -->\n\n<!-- NOTE: If you need to make changes to this file, copy it to your current theme's main\n\tdirectory so your changes won't be overwritten when the plugin is upgraded. -->\n\n<!-- Post Wrap Start-->\n<div class=\"post hentry ivycat-post\">\n\n    <!-- \tThis outputs the post TITLE -->\n    <h2 class=\"titulo1\"><a href=\"https:\/\/planeamiento.udelar.edu.uy\/portal\/publicacion_generica\/egresos-segun-area-servicio-y-carrera-por-sexo-2020\/\">Egresos seg\u00fan \u00c1rea, Servicio y Carrera por Sexo \u2013 2020<\/a><\/h2>\n\t<div class=\"tapa\">\n\t\t<a href=\"https:\/\/planeamiento.udelar.edu.uy\/portal\/publicacion_generica\/egresos-segun-area-servicio-y-carrera-por-sexo-2020\/\">\n\t\t\t\t\t<\/a>\n\t<\/div>\n\n    <!-- \tThis outputs the post EXCERPT.  To display full content including images and html,\n\t\treplace the_excerpt(); with the_content();  below. -->\n    <div class=\"entry-summary\">\n\t\t\t\t\n    <\/div>\n\t<hr>\n\t<br>\n    <!--\tThis outputs the post META information -->\n\t<\/div>\n<!-- \/\/ Post Wrap End -->\n\n<!-- NOTE: If you need to make changes to this file, copy it to your current theme's main\n\tdirectory so your changes won't be overwritten when the plugin is upgraded. -->\n\n<!-- Post Wrap Start-->\n<div class=\"post hentry ivycat-post\">\n\n    <!-- \tThis outputs the post TITLE -->\n    <h2 class=\"titulo1\"><a href=\"https:\/\/planeamiento.udelar.edu.uy\/portal\/publicacion_generica\/egresos-segun-area-servicio-y-carrera-por-sexo-2019\/\">Egresos seg\u00fan \u00c1rea, Servicio y Carrera por Sexo \u2013 2019<\/a><\/h2>\n\t<div class=\"tapa\">\n\t\t<a href=\"https:\/\/planeamiento.udelar.edu.uy\/portal\/publicacion_generica\/egresos-segun-area-servicio-y-carrera-por-sexo-2019\/\">\n\t\t\t\t\t<\/a>\n\t<\/div>\n\n    <!-- \tThis outputs the post EXCERPT.  To display full content including images and html,\n\t\treplace the_excerpt(); with the_content();  below. -->\n    <div class=\"entry-summary\">\n\t\t\t\t\n    <\/div>\n\t<hr>\n\t<br>\n    <!--\tThis outputs the post META information -->\n\t<\/div>\n<!-- \/\/ Post Wrap End -->\n\n<!-- NOTE: If you need to make changes to this file, copy it to your current theme's main\n\tdirectory so your changes won't be overwritten when the plugin is upgraded. -->\n\n<!-- Post Wrap Start-->\n<div class=\"post hentry ivycat-post\">\n\n    <!-- \tThis outputs the post TITLE -->\n    <h2 class=\"titulo1\"><a href=\"https:\/\/planeamiento.udelar.edu.uy\/portal\/publicacion_generica\/egresos-segun-area-servicio-y-carrera-por-sexo-2018\/\">Egresos seg\u00fan \u00c1rea, Servicio y Carrera por Sexo \u2013 2018<\/a><\/h2>\n\t<div class=\"tapa\">\n\t\t<a href=\"https:\/\/planeamiento.udelar.edu.uy\/portal\/publicacion_generica\/egresos-segun-area-servicio-y-carrera-por-sexo-2018\/\">\n\t\t\t\t\t<\/a>\n\t<\/div>\n\n    <!-- \tThis outputs the post EXCERPT.  To display full content including images and html,\n\t\treplace the_excerpt(); with the_content();  below. -->\n    <div class=\"entry-summary\">\n\t\t\t\t\n    <\/div>\n\t<hr>\n\t<br>\n    <!--\tThis outputs the post META information -->\n\t<\/div>\n<!-- \/\/ Post Wrap End -->\n\n<!-- NOTE: If you need to make changes to this file, copy it to your current theme's main\n\tdirectory so your changes won't be overwritten when the plugin is upgraded. -->\n\n<!-- Post Wrap Start-->\n<div class=\"post hentry ivycat-post\">\n\n    <!-- \tThis outputs the post TITLE -->\n    <h2 class=\"titulo1\"><a href=\"https:\/\/planeamiento.udelar.edu.uy\/portal\/publicacion_generica\/egresos-segun-area-servicio-y-carrera-por-sexo-2017\/\">Egresos seg\u00fan \u00c1rea, Servicio y Carrera por Sexo \u2013 2017<\/a><\/h2>\n\t<div class=\"tapa\">\n\t\t<a href=\"https:\/\/planeamiento.udelar.edu.uy\/portal\/publicacion_generica\/egresos-segun-area-servicio-y-carrera-por-sexo-2017\/\">\n\t\t\t\t\t<\/a>\n\t<\/div>\n\n    <!-- \tThis outputs the post EXCERPT.  To display full content including images and html,\n\t\treplace the_excerpt(); with the_content();  below. -->\n    <div class=\"entry-summary\">\n\t\t\t\t\n    <\/div>\n\t<hr>\n\t<br>\n    <!--\tThis outputs the post META information -->\n\t<\/div>\n<!-- \/\/ Post Wrap End -->\n\n<!-- NOTE: If you need to make changes to this file, copy it to your current theme's main\n\tdirectory so your changes won't be overwritten when the plugin is upgraded. -->\n\n<!-- Post Wrap Start-->\n<div class=\"post hentry ivycat-post\">\n\n    <!-- \tThis outputs the post TITLE -->\n    <h2 class=\"titulo1\"><a href=\"https:\/\/planeamiento.udelar.edu.uy\/portal\/publicacion_generica\/egresos-segun-area-servicio-y-carrera-por-sexo-2016\/\">Egresos seg\u00fan \u00c1rea, Servicio y Carrera por Sexo \u2013 2016<\/a><\/h2>\n\t<div class=\"tapa\">\n\t\t<a href=\"https:\/\/planeamiento.udelar.edu.uy\/portal\/publicacion_generica\/egresos-segun-area-servicio-y-carrera-por-sexo-2016\/\">\n\t\t\t\t\t<\/a>\n\t<\/div>\n\n    <!-- \tThis outputs the post EXCERPT.  To display full content including images and html,\n\t\treplace the_excerpt(); with the_content();  below. -->\n    <div class=\"entry-summary\">\n\t\t\t\t\n    <\/div>\n\t<hr>\n\t<br>\n    <!--\tThis outputs the post META information -->\n\t<\/div>\n<!-- \/\/ Post Wrap End -->\n\n<!-- NOTE: If you need to make changes to this file, copy it to your current theme's main\n\tdirectory so your changes won't be overwritten when the plugin is upgraded. -->\n\n<!-- Post Wrap Start-->\n<div class=\"post hentry ivycat-post\">\n\n    <!-- \tThis outputs the post TITLE -->\n    <h2 class=\"titulo1\"><a href=\"https:\/\/planeamiento.udelar.edu.uy\/portal\/publicacion_generica\/egresos-segun-area-servicio-y-carrera-por-sexo-2015\/\">Egresos seg\u00fan \u00c1rea, Servicio y Carrera por Sexo &#8211; 2015<\/a><\/h2>\n\t<div class=\"tapa\">\n\t\t<a href=\"https:\/\/planeamiento.udelar.edu.uy\/portal\/publicacion_generica\/egresos-segun-area-servicio-y-carrera-por-sexo-2015\/\">\n\t\t\t\t\t<\/a>\n\t<\/div>\n\n    <!-- \tThis outputs the post EXCERPT.  To display full content including images and html,\n\t\treplace the_excerpt(); with the_content();  below. -->\n    <div class=\"entry-summary\">\n\t\t\t\t\n    <\/div>\n\t<hr>\n\t<br>\n    <!--\tThis outputs the post META information -->\n\t<\/div>\n<!-- \/\/ Post Wrap End -->\n\n<!-- NOTE: If you need to make changes to this file, copy it to your current theme's main\n\tdirectory so your changes won't be overwritten when the plugin is upgraded. -->\n\n<!-- Post Wrap Start-->\n<div class=\"post hentry ivycat-post\">\n\n    <!-- \tThis outputs the post TITLE -->\n    <h2 class=\"titulo1\"><a href=\"https:\/\/planeamiento.udelar.edu.uy\/portal\/publicacion_generica\/egresos-segun-servicio-y-carrera-por-sexo-2014\/\">Egresos seg\u00fan Servicio y Carrera por Sexo &#8211; 2014<\/a><\/h2>\n\t<div class=\"tapa\">\n\t\t<a href=\"https:\/\/planeamiento.udelar.edu.uy\/portal\/publicacion_generica\/egresos-segun-servicio-y-carrera-por-sexo-2014\/\">\n\t\t\t\t\t<\/a>\n\t<\/div>\n\n    <!-- \tThis outputs the post EXCERPT.  To display full content including images and html,\n\t\treplace the_excerpt(); with the_content();  below. -->\n    <div class=\"entry-summary\">\n\t\t\t\t\n    <\/div>\n\t<hr>\n\t<br>\n    <!--\tThis outputs the post META information -->\n\t<\/div>\n<!-- \/\/ Post Wrap End -->\n\n<!-- NOTE: If you need to make changes to this file, copy it to your current theme's main\n\tdirectory so your changes won't be overwritten when the plugin is upgraded. -->\n\n<!-- Post Wrap Start-->\n<div class=\"post hentry ivycat-post\">\n\n    <!-- \tThis outputs the post TITLE -->\n    <h2 class=\"titulo1\"><a href=\"https:\/\/planeamiento.udelar.edu.uy\/portal\/publicacion_generica\/egresos-segun-servicio-y-carrera-por-sexo-2013\/\">Egresos seg\u00fan Servicio y Carrera por Sexo &#8211; 2013<\/a><\/h2>\n\t<div class=\"tapa\">\n\t\t<a href=\"https:\/\/planeamiento.udelar.edu.uy\/portal\/publicacion_generica\/egresos-segun-servicio-y-carrera-por-sexo-2013\/\">\n\t\t\t\t\t<\/a>\n\t<\/div>\n\n    <!-- \tThis outputs the post EXCERPT.  To display full content including images and html,\n\t\treplace the_excerpt(); with the_content();  below. -->\n    <div class=\"entry-summary\">\n\t\t\t\t\n    <\/div>\n\t<hr>\n\t<br>\n    <!--\tThis outputs the post META information -->\n\t<\/div>\n<!-- \/\/ Post Wrap End -->\n\n<!-- NOTE: If you need to make changes to this file, copy it to your current theme's main\n\tdirectory so your changes won't be overwritten when the plugin is upgraded. -->\n\n<!-- Post Wrap Start-->\n<div class=\"post hentry ivycat-post\">\n\n    <!-- \tThis outputs the post TITLE -->\n    <h2 class=\"titulo1\"><a href=\"https:\/\/planeamiento.udelar.edu.uy\/portal\/publicacion_generica\/egresos-segun-servicio-y-carrera-por-sexo-2012\/\">Egresos seg\u00fan Servicio y Carrera por Sexo &#8211; 2012<\/a><\/h2>\n\t<div class=\"tapa\">\n\t\t<a href=\"https:\/\/planeamiento.udelar.edu.uy\/portal\/publicacion_generica\/egresos-segun-servicio-y-carrera-por-sexo-2012\/\">\n\t\t\t\t\t<\/a>\n\t<\/div>\n\n    <!-- \tThis outputs the post EXCERPT.  To display full content including images and html,\n\t\treplace the_excerpt(); with the_content();  below. -->\n    <div class=\"entry-summary\">\n\t\t\t\t\n    <\/div>\n\t<hr>\n\t<br>\n    <!--\tThis outputs the post META information -->\n\t<\/div>\n<!-- \/\/ Post Wrap End -->\n\n<!-- NOTE: If you need to make changes to this file, copy it to your current theme's main\n\tdirectory so your changes won't be overwritten when the plugin is upgraded. -->\n\n<!-- Post Wrap Start-->\n<div class=\"post hentry ivycat-post\">\n\n    <!-- \tThis outputs the post TITLE -->\n    <h2 class=\"titulo1\"><a href=\"https:\/\/planeamiento.udelar.edu.uy\/portal\/publicacion_generica\/egresos-segun-servicio-y-carrera-por-sexo-2011\/\">Egresos seg\u00fan Servicio y Carrera por Sexo &#8211; 2011<\/a><\/h2>\n\t<div class=\"tapa\">\n\t\t<a href=\"https:\/\/planeamiento.udelar.edu.uy\/portal\/publicacion_generica\/egresos-segun-servicio-y-carrera-por-sexo-2011\/\">\n\t\t\t\t\t<\/a>\n\t<\/div>\n\n    <!-- \tThis outputs the post EXCERPT.  To display full content including images and html,\n\t\treplace the_excerpt(); with the_content();  below. -->\n    <div class=\"entry-summary\">\n\t\t\t\t\n    <\/div>\n\t<hr>\n\t<br>\n    <!--\tThis outputs the post META information -->\n\t<\/div>\n<!-- \/\/ Post Wrap End -->\n\n<!-- NOTE: If you need to make changes to this file, copy it to your current theme's main\n\tdirectory so your changes won't be overwritten when the plugin is upgraded. -->\n\n<!-- Post Wrap Start-->\n<div class=\"post hentry ivycat-post\">\n\n    <!-- \tThis outputs the post TITLE -->\n    <h2 class=\"titulo1\"><a href=\"https:\/\/planeamiento.udelar.edu.uy\/portal\/publicacion_generica\/egresos-segun-servicio-y-carrera-por-sexo-2010\/\">Egresos seg\u00fan Servicio y Carrera por Sexo &#8211; 2010<\/a><\/h2>\n\t<div class=\"tapa\">\n\t\t<a href=\"https:\/\/planeamiento.udelar.edu.uy\/portal\/publicacion_generica\/egresos-segun-servicio-y-carrera-por-sexo-2010\/\">\n\t\t\t\t\t<\/a>\n\t<\/div>\n\n    <!-- \tThis outputs the post EXCERPT.  To display full content including images and html,\n\t\treplace the_excerpt(); with the_content();  below. -->\n    <div class=\"entry-summary\">\n\t\t\t\t\n    <\/div>\n\t<hr>\n\t<br>\n    <!--\tThis outputs the post META information -->\n\t<\/div>\n<!-- \/\/ Post Wrap End -->\n\n<!-- NOTE: If you need to make changes to this file, copy it to your current theme's main\n\tdirectory so your changes won't be overwritten when the plugin is upgraded. -->\n\n<!-- Post Wrap Start-->\n<div class=\"post hentry ivycat-post\">\n\n    <!-- \tThis outputs the post TITLE -->\n    <h2 class=\"titulo1\"><a href=\"https:\/\/planeamiento.udelar.edu.uy\/portal\/publicacion_generica\/egresos-segun-servicio-y-carrera-por-sexo-2009\/\">Egresos seg\u00fan Servicio y Carrera por Sexo &#8211; 2009<\/a><\/h2>\n\t<div class=\"tapa\">\n\t\t<a href=\"https:\/\/planeamiento.udelar.edu.uy\/portal\/publicacion_generica\/egresos-segun-servicio-y-carrera-por-sexo-2009\/\">\n\t\t\t\t\t<\/a>\n\t<\/div>\n\n    <!-- \tThis outputs the post EXCERPT.  To display full content including images and html,\n\t\treplace the_excerpt(); with the_content();  below. -->\n    <div class=\"entry-summary\">\n\t\t\t\t\n    <\/div>\n\t<hr>\n\t<br>\n    <!--\tThis outputs the post META information -->\n\t<\/div>\n<!-- \/\/ Post Wrap End -->\n\n<!-- NOTE: If you need to make changes to this file, copy it to your current theme's main\n\tdirectory so your changes won't be overwritten when the plugin is upgraded. -->\n\n<!-- Post Wrap Start-->\n<div class=\"post hentry ivycat-post\">\n\n    <!-- \tThis outputs the post TITLE -->\n    <h2 class=\"titulo1\"><a href=\"https:\/\/planeamiento.udelar.edu.uy\/portal\/publicacion_generica\/egresos-segun-servicio-y-carrera-por-sexo-2008\/\">Egresos seg\u00fan Servicio y Carrera por Sexo &#8211; 2008<\/a><\/h2>\n\t<div class=\"tapa\">\n\t\t<a href=\"https:\/\/planeamiento.udelar.edu.uy\/portal\/publicacion_generica\/egresos-segun-servicio-y-carrera-por-sexo-2008\/\">\n\t\t\t\t\t<\/a>\n\t<\/div>\n\n    <!-- \tThis outputs the post EXCERPT.  To display full content including images and html,\n\t\treplace the_excerpt(); with the_content();  below. -->\n    <div class=\"entry-summary\">\n\t\t\t\t\n    <\/div>\n\t<hr>\n\t<br>\n    <!--\tThis outputs the post META information -->\n\t<\/div>\n<!-- \/\/ Post Wrap End -->\n\n<!-- NOTE: If you need to make changes to this file, copy it to your current theme's main\n\tdirectory so your changes won't be overwritten when the plugin is upgraded. -->\n\n<!-- Post Wrap Start-->\n<div class=\"post hentry ivycat-post\">\n\n    <!-- \tThis outputs the post TITLE -->\n    <h2 class=\"titulo1\"><a href=\"https:\/\/planeamiento.udelar.edu.uy\/portal\/publicacion_generica\/egresos-segun-servicio-y-carrera-por-sexo-2007\/\">Egresos seg\u00fan Servicio y Carrera por Sexo &#8211; 2007<\/a><\/h2>\n\t<div class=\"tapa\">\n\t\t<a href=\"https:\/\/planeamiento.udelar.edu.uy\/portal\/publicacion_generica\/egresos-segun-servicio-y-carrera-por-sexo-2007\/\">\n\t\t\t\t\t<\/a>\n\t<\/div>\n\n    <!-- \tThis outputs the post EXCERPT.  To display full content including images and html,\n\t\treplace the_excerpt(); with the_content();  below. -->\n    <div class=\"entry-summary\">\n\t\t\t\t\n    <\/div>\n\t<hr>\n\t<br>\n    <!--\tThis outputs the post META information -->\n\t<\/div>\n<!-- \/\/ Post Wrap End -->\n\n","protected":false},"excerpt":{"rendered":"<p>Se entiende por n\u00famero de egresos a la cantidad de personas \u00a0que solicitaron un t\u00edtulo universitario de posgrado en un a\u00f1o determinado. Fuente: Sistema de Gesti\u00f3n Administrativa de la Ense\u00f1anza &hellip;<\/p>\n","protected":false},"author":1,"featured_media":0,"parent":20,"menu_order":2,"comment_status":"closed","ping_status":"closed","template":"","meta":{"footnotes":""},"class_list":["post-51","page","type-page","status-publish","hentry"],"jetpack_sharing_enabled":true,"_links":{"self":[{"href":"https:\/\/planeamiento.udelar.edu.uy\/portal\/wp-json\/wp\/v2\/pages\/51","targetHints":{"allow":["GET"]}}],"collection":[{"href":"https:\/\/planeamiento.udelar.edu.uy\/portal\/wp-json\/wp\/v2\/pages"}],"about":[{"href":"https:\/\/planeamiento.udelar.edu.uy\/portal\/wp-json\/wp\/v2\/types\/page"}],"author":[{"embeddable":true,"href":"https:\/\/planeamiento.udelar.edu.uy\/portal\/wp-json\/wp\/v2\/users\/1"}],"replies":[{"embeddable":true,"href":"https:\/\/planeamiento.udelar.edu.uy\/portal\/wp-json\/wp\/v2\/comments?post=51"}],"version-history":[{"count":3,"href":"https:\/\/planeamiento.udelar.edu.uy\/portal\/wp-json\/wp\/v2\/pages\/51\/revisions"}],"predecessor-version":[{"id":10841,"href":"https:\/\/planeamiento.udelar.edu.uy\/portal\/wp-json\/wp\/v2\/pages\/51\/revisions\/10841"}],"up":[{"embeddable":true,"href":"https:\/\/planeamiento.udelar.edu.uy\/portal\/wp-json\/wp\/v2\/pages\/20"}],"wp:attachment":[{"href":"https:\/\/planeamiento.udelar.edu.uy\/portal\/wp-json\/wp\/v2\/media?parent=51"}],"curies":[{"name":"wp","href":"https:\/\/api.w.org\/{rel}","templated":true}]}}